{"id":2902,"date":"2024-09-05T14:14:03","date_gmt":"2024-09-05T12:14:03","guid":{"rendered":"https:\/\/dcievent.com\/?page_id=2902"},"modified":"2024-11-25T15:13:39","modified_gmt":"2024-11-25T14:13:39","slug":"distribution-electrique","status":"publish","type":"page","link":"https:\/\/dcievent.com\/index.php\/distribution-electrique\/","title":{"rendered":"Distribution \u00e9lectrique \u00e9v\u00e9nementielle"},"content":{"rendered":"\n<h1 class=\"wp-block-heading\">Distribution \u00e9lectrique \u00e9v\u00e8nementielle<\/h1>\n\n\n\n<p>Vous organisez un \u00e9v\u00e9nement dans un lieu sans infrastructure \u00e9lectrique ? Nous sommes l\u00e0 pour transformer n\u2019importe quel espace, qu\u2019il s\u2019agisse d\u2019un terrain nu ou d\u2019une salle sans \u00e9quipement, en un lieu parfaitement aliment\u00e9 en \u00e9nergie, s\u00e9curis\u00e9 et fiable. Que ce soit pour une foire, un salon, une exposition ou un festival de musique, nous avons les <strong>solutions \u00e9lectriques adapt\u00e9es<\/strong> \u00e0 vos besoins.<\/p>\n\n\n\n<h2 class=\"wp-block-heading has-medium-font-size\"><strong><mark style=\"background-color:rgba(0, 0, 0, 0)\" class=\"has-inline-color has-luminous-vivid-orange-color\">Un r\u00e9seau \u00e9lectrique sur mesure, o\u00f9 que vous soyez<\/mark><\/strong><\/h2>\n\n\n\n<p>Notre <strong>expertise dans la distribution \u00e9lectrique \u00e9v\u00e9nementielle<\/strong> nous permet d&#8217;installer rapidement un r\u00e9seau complet, r\u00e9pondant aux exigences techniques de chaque type d&#8217;\u00e9v\u00e9nement. Vous pouvez compter sur notre \u00e9quipe pour concevoir et installer des syst\u00e8mes \u00e9lectriques s\u00e9curis\u00e9s, performants et parfaitement adapt\u00e9s \u00e0 la configuration du site.<\/p>\n\n\n\n<h2 class=\"wp-block-heading has-medium-font-size\"><strong><mark style=\"background-color:rgba(0, 0, 0, 0)\" class=\"has-inline-color has-luminous-vivid-orange-color\">Une solution compl\u00e8te pour tous vos \u00e9v\u00e9nements<\/mark><\/strong><\/h2>\n\n\n\n<p>Gr\u00e2ce \u00e0 notre savoir-faire, nous pouvons nous adresser \u00e0 une vari\u00e9t\u00e9 de clients et d\u2019\u00e9v\u00e9nements :<\/p>\n\n\n\n<ul class=\"wp-block-list\">\n<li><strong>Organisateurs de salons et de foires<\/strong> : nous d\u00e9ployons des r\u00e9seaux \u00e9lectriques pour alimenter chaque stand, ainsi que les zones d\u2019accueil, de restauration et de logistique.<\/li>\n\n\n\n<li><strong>Conventions et expositions<\/strong> : nos infrastructures garantissent une alimentation stable pour tous vos besoins en \u00e9nergie, des pr\u00e9sentations multim\u00e9dias aux stands interactifs.<\/li>\n\n\n\n<li><strong>Festivals et concerts<\/strong> : nous assurons une alimentation \u00e9lectrique pour les sc\u00e8nes, les espaces techniques et les zones de foodtrucks ou d\u2019artisanat.<\/li>\n\n\n\n<li><strong>Parkings et zones ext\u00e9rieures<\/strong> : avec nos solutions mobiles, alimentez en toute simplicit\u00e9 vos installations, o\u00f9 qu\u2019elles se trouvent, en int\u00e9grant des syst\u00e8mes d&#8217;\u00e9clairage de s\u00e9curit\u00e9.<\/li>\n<\/ul>\n\n\n\n<h2 class=\"wp-block-heading has-medium-font-size\"><strong><mark style=\"background-color:rgba(0, 0, 0, 0)\" class=\"has-inline-color has-luminous-vivid-orange-color\">Un mat\u00e9riel fiable et performant<\/mark><\/strong><\/h2>\n\n\n\n<p>Pour garantir une alimentation \u00e9lectrique s\u00fbre et continue, nous mettons \u00e0 votre disposition un large \u00e9ventail de mat\u00e9riel professionnel :<\/p>\n\n\n\n<ul class=\"wp-block-list\">\n<li><strong>Armoires \u00e9lectriques<\/strong> pour la r\u00e9partition et la protection de l\u2019ensemble de votre installation.<\/li>\n\n\n\n<li><strong>Coffrets de chantier<\/strong>, id\u00e9aux pour g\u00e9rer les besoins temporaires et s\u2019adapter \u00e0 chaque type de site.<\/li>\n\n\n\n<li><strong>Passages de c\u00e2bles<\/strong> pour s\u00e9curiser les trajets de c\u00e2bles, tout en minimisant les risques pour vos visiteurs.<\/li>\n\n\n\n<li><strong>Rallonges t\u00e9trapolaires ou triphas\u00e9es, rallonges monophas\u00e9es et multiprises<\/strong>, pour assurer la distribution sur chaque point d\u2019utilisation.<\/li>\n\n\n\n<li><strong>Groupes \u00e9lectrog\u00e8nes<\/strong>, en cas de besoin d\u2019autonomie \u00e9nerg\u00e9tique, garantissant une alimentation sans interruption.<\/li>\n<\/ul>\n\n\n\n<p>Nous veillons \u00e0 ce que chaque \u00e9l\u00e9ment soit conforme aux normes de s\u00e9curit\u00e9 et parfaitement adapt\u00e9 \u00e0 vos besoins en puissance, peu importe la taille ou la complexit\u00e9 de votre \u00e9v\u00e9nement.<\/p>\n\n\n\n<p>Le mat\u00e9riel est v\u00e9rifi\u00e9 et certifi\u00e9 chaque ann\u00e9e par un organisme ind\u00e9pendant (APAVE).<\/p>\n\n\n\n<p><strong>Confiez-nous la gestion de votre distribution \u00e9lectrique<\/strong> et concentrez-vous sur l\u2019essentiel : la r\u00e9ussite de votre \u00e9v\u00e9nement.<\/p>\n\n\n\n<h2 class=\"wp-block-heading has-luminous-vivid-orange-color has-text-color has-link-color has-medium-font-size wp-elements-f226e8b2da0a58cec276b05ad33ff4a0\"><strong><a href=\"https:\/\/dcievent.com\/index.php\/contact\/\">Cliquez ici pour acc\u00e9der \u00e0 notre formulaire de contact<\/a><\/strong><\/h2>\n\n\n\n<p><\/p>\n","protected":false},"excerpt":{"rendered":"<p>Distribution \u00e9lectrique \u00e9v\u00e8nementielle Vous organisez un \u00e9v\u00e9nement dans un lieu sans infrastructure \u00e9lectrique ? Nous sommes l\u00e0 pour transformer n\u2019importe quel espace, qu\u2019il s\u2019agisse d\u2019un terrain nu ou d\u2019une salle &#8230;<\/p>\n","protected":false},"author":1,"featured_media":0,"parent":0,"menu_order":0,"comment_status":"closed","ping_status":"closed","template":"template-fullwidth.php","meta":{"footnotes":""},"class_list":["post-2902","page","type-page","status-publish","hentry"],"yoast_head":"<!-- This site is optimized with the Yoast SEO plugin v27.4 - https:\/\/yoast.com\/product\/yoast-seo-wordpress\/ -->\n<title>Distribution \u00e9lectrique \u00e9v\u00e9nementielle - DCI event<\/title>\n<meta name=\"description\" content=\"Nous offrons des solutions \u00e9lectriques sur-mesure pour tous types d&#039;\u00e9v\u00e9nements, garantissant une alimentation fiable et s\u00e9curis\u00e9e.\" \/>\n<meta name=\"robots\" content=\"index, follow, max-snippet:-1, max-image-preview:large, max-video-preview:-1\" \/>\n<link rel=\"canonical\" href=\"https:\/\/dcievent.com\/index.php\/distribution-electrique\/\" \/>\n<meta property=\"og:locale\" content=\"fr_FR\" \/>\n<meta property=\"og:type\" content=\"article\" \/>\n<meta property=\"og:title\" content=\"Distribution \u00e9lectrique \u00e9v\u00e9nementielle - DCI event\" \/>\n<meta property=\"og:description\" content=\"Nous offrons des solutions \u00e9lectriques sur-mesure pour tous types d&#039;\u00e9v\u00e9nements, garantissant une alimentation fiable et s\u00e9curis\u00e9e.\" \/>\n<meta property=\"og:url\" content=\"https:\/\/dcievent.com\/index.php\/distribution-electrique\/\" \/>\n<meta property=\"og:site_name\" content=\"DCI Event - Prestataire Technique Audiovisuel\" \/>\n<meta property=\"article:publisher\" content=\"http:\/\/www.facebook.com\/dcievent\" \/>\n<meta property=\"article:modified_time\" content=\"2024-11-25T14:13:39+00:00\" \/>\n<meta property=\"og:image\" content=\"https:\/\/mlpbnbifhtdl.i.optimole.com\/cb:Cy3u.b2dd\/w:auto\/h:auto\/q:mauto\/g:sm\/f:best\/https:\/\/dcievent.com\/wp-content\/uploads\/2016\/11\/logo-dci-event-carre-blanc.png\" \/>\n\t<meta property=\"og:image:width\" content=\"1071\" \/>\n\t<meta property=\"og:image:height\" content=\"1080\" \/>\n\t<meta property=\"og:image:type\" content=\"image\/png\" \/>\n<meta name=\"twitter:card\" content=\"summary_large_image\" \/>\n<meta name=\"twitter:label1\" content=\"Dur\u00e9e de lecture estim\u00e9e\" \/>\n\t<meta name=\"twitter:data1\" content=\"3 minutes\" \/>\n<script type=\"application\/ld+json\" class=\"yoast-schema-graph\">{\"@context\":\"https:\\\/\\\/schema.org\",\"@graph\":[{\"@type\":\"WebPage\",\"@id\":\"https:\\\/\\\/dcievent.com\\\/index.php\\\/distribution-electrique\\\/\",\"url\":\"https:\\\/\\\/dcievent.com\\\/index.php\\\/distribution-electrique\\\/\",\"name\":\"Distribution \u00e9lectrique \u00e9v\u00e9nementielle - DCI event\",\"isPartOf\":{\"@id\":\"https:\\\/\\\/dcievent.com\\\/#website\"},\"datePublished\":\"2024-09-05T12:14:03+00:00\",\"dateModified\":\"2024-11-25T14:13:39+00:00\",\"description\":\"Nous offrons des solutions \u00e9lectriques sur-mesure pour tous types d'\u00e9v\u00e9nements, garantissant une alimentation fiable et s\u00e9curis\u00e9e.\",\"breadcrumb\":{\"@id\":\"https:\\\/\\\/dcievent.com\\\/index.php\\\/distribution-electrique\\\/#breadcrumb\"},\"inLanguage\":\"fr-FR\",\"potentialAction\":[{\"@type\":\"ReadAction\",\"target\":[\"https:\\\/\\\/dcievent.com\\\/index.php\\\/distribution-electrique\\\/\"]}]},{\"@type\":\"BreadcrumbList\",\"@id\":\"https:\\\/\\\/dcievent.com\\\/index.php\\\/distribution-electrique\\\/#breadcrumb\",\"itemListElement\":[{\"@type\":\"ListItem\",\"position\":1,\"name\":\"Accueil\",\"item\":\"https:\\\/\\\/dcievent.com\\\/\"},{\"@type\":\"ListItem\",\"position\":2,\"name\":\"Distribution \u00e9lectrique \u00e9v\u00e9nementielle\"}]},{\"@type\":\"WebSite\",\"@id\":\"https:\\\/\\\/dcievent.com\\\/#website\",\"url\":\"https:\\\/\\\/dcievent.com\\\/\",\"name\":\"DCI Event\",\"description\":\"Location sonorisation, int\u00e9grateur audiovisuel, r\u00e9gie technique de spectacle\",\"publisher\":{\"@id\":\"https:\\\/\\\/dcievent.com\\\/#organization\"},\"potentialAction\":[{\"@type\":\"SearchAction\",\"target\":{\"@type\":\"EntryPoint\",\"urlTemplate\":\"https:\\\/\\\/dcievent.com\\\/?s={search_term_string}\"},\"query-input\":{\"@type\":\"PropertyValueSpecification\",\"valueRequired\":true,\"valueName\":\"search_term_string\"}}],\"inLanguage\":\"fr-FR\"},{\"@type\":\"Organization\",\"@id\":\"https:\\\/\\\/dcievent.com\\\/#organization\",\"name\":\"DCI event\",\"url\":\"https:\\\/\\\/dcievent.com\\\/\",\"logo\":{\"@type\":\"ImageObject\",\"inLanguage\":\"fr-FR\",\"@id\":\"https:\\\/\\\/dcievent.com\\\/#\\\/schema\\\/logo\\\/image\\\/\",\"url\":\"https:\\/\\/dcievent.com\\/wp-content\\/uploads\\/2024\\/01\\/cropped-cropped-DCI_LogoEvent_CMJN_HD-scaled-1.jpg\",\"contentUrl\":\"https:\\/\\/dcievent.com\\/wp-content\\/uploads\\/2024\\/01\\/cropped-cropped-DCI_LogoEvent_CMJN_HD-scaled-1.jpg\",\"width\":512,\"height\":512,\"caption\":\"DCI event\"},\"image\":{\"@id\":\"https:\\\/\\\/dcievent.com\\\/#\\\/schema\\\/logo\\\/image\\\/\"},\"sameAs\":[\"http:\\\/\\\/www.facebook.com\\\/dcievent\",\"http:\\\/\\\/www.instagram.com\\\/dcievent\"]}]}<\/script>\n<!-- \/ Yoast SEO plugin. -->","yoast_head_json":{"title":"Distribution \u00e9lectrique \u00e9v\u00e9nementielle - DCI event","description":"Nous offrons des solutions \u00e9lectriques sur-mesure pour tous types d'\u00e9v\u00e9nements, garantissant une alimentation fiable et s\u00e9curis\u00e9e.","robots":{"index":"index","follow":"follow","max-snippet":"max-snippet:-1","max-image-preview":"max-image-preview:large","max-video-preview":"max-video-preview:-1"},"canonical":"https:\/\/dcievent.com\/index.php\/distribution-electrique\/","og_locale":"fr_FR","og_type":"article","og_title":"Distribution \u00e9lectrique \u00e9v\u00e9nementielle - DCI event","og_description":"Nous offrons des solutions \u00e9lectriques sur-mesure pour tous types d'\u00e9v\u00e9nements, garantissant une alimentation fiable et s\u00e9curis\u00e9e.","og_url":"https:\/\/dcievent.com\/index.php\/distribution-electrique\/","og_site_name":"DCI Event - Prestataire Technique Audiovisuel","article_publisher":"http:\/\/www.facebook.com\/dcievent","article_modified_time":"2024-11-25T14:13:39+00:00","og_image":[{"width":1071,"height":1080,"url":"https:\/\/mlpbnbifhtdl.i.optimole.com\/cb:Cy3u.b2dd\/w:auto\/h:auto\/q:mauto\/g:sm\/f:best\/https:\/\/dcievent.com\/wp-content\/uploads\/2016\/11\/logo-dci-event-carre-blanc.png","type":"image\/png"}],"twitter_card":"summary_large_image","twitter_misc":{"Dur\u00e9e de lecture estim\u00e9e":"3 minutes"},"schema":{"@context":"https:\/\/schema.org","@graph":[{"@type":"WebPage","@id":"https:\/\/dcievent.com\/index.php\/distribution-electrique\/","url":"https:\/\/dcievent.com\/index.php\/distribution-electrique\/","name":"Distribution \u00e9lectrique \u00e9v\u00e9nementielle - DCI event","isPartOf":{"@id":"https:\/\/dcievent.com\/#website"},"datePublished":"2024-09-05T12:14:03+00:00","dateModified":"2024-11-25T14:13:39+00:00","description":"Nous offrons des solutions \u00e9lectriques sur-mesure pour tous types d'\u00e9v\u00e9nements, garantissant une alimentation fiable et s\u00e9curis\u00e9e.","breadcrumb":{"@id":"https:\/\/dcievent.com\/index.php\/distribution-electrique\/#breadcrumb"},"inLanguage":"fr-FR","potentialAction":[{"@type":"ReadAction","target":["https:\/\/dcievent.com\/index.php\/distribution-electrique\/"]}]},{"@type":"BreadcrumbList","@id":"https:\/\/dcievent.com\/index.php\/distribution-electrique\/#breadcrumb","itemListElement":[{"@type":"ListItem","position":1,"name":"Accueil","item":"https:\/\/dcievent.com\/"},{"@type":"ListItem","position":2,"name":"Distribution \u00e9lectrique \u00e9v\u00e9nementielle"}]},{"@type":"WebSite","@id":"https:\/\/dcievent.com\/#website","url":"https:\/\/dcievent.com\/","name":"DCI Event","description":"Location sonorisation, int\u00e9grateur audiovisuel, r\u00e9gie technique de spectacle","publisher":{"@id":"https:\/\/dcievent.com\/#organization"},"potentialAction":[{"@type":"SearchAction","target":{"@type":"EntryPoint","urlTemplate":"https:\/\/dcievent.com\/?s={search_term_string}"},"query-input":{"@type":"PropertyValueSpecification","valueRequired":true,"valueName":"search_term_string"}}],"inLanguage":"fr-FR"},{"@type":"Organization","@id":"https:\/\/dcievent.com\/#organization","name":"DCI event","url":"https:\/\/dcievent.com\/","logo":{"@type":"ImageObject","inLanguage":"fr-FR","@id":"https:\/\/dcievent.com\/#\/schema\/logo\/image\/","url":"https:\/\/mlpbnbifhtdl.i.optimole.com\/cb:Cy3u.b2dd\/w:auto\/h:auto\/q:mauto\/g:sm\/f:best\/https:\/\/dcievent.com\/wp-content\/uploads\/2024\/01\/cropped-cropped-DCI_LogoEvent_CMJN_HD-scaled-1.jpg","contentUrl":"https:\/\/mlpbnbifhtdl.i.optimole.com\/cb:Cy3u.b2dd\/w:auto\/h:auto\/q:mauto\/g:sm\/f:best\/https:\/\/dcievent.com\/wp-content\/uploads\/2024\/01\/cropped-cropped-DCI_LogoEvent_CMJN_HD-scaled-1.jpg","width":512,"height":512,"caption":"DCI event"},"image":{"@id":"https:\/\/dcievent.com\/#\/schema\/logo\/image\/"},"sameAs":["http:\/\/www.facebook.com\/dcievent","http:\/\/www.instagram.com\/dcievent"]}]}},"_links":{"self":[{"href":"https:\/\/dcievent.com\/index.php\/wp-json\/wp\/v2\/pages\/2902","targetHints":{"allow":["GET"]}}],"collection":[{"href":"https:\/\/dcievent.com\/index.php\/wp-json\/wp\/v2\/pages"}],"about":[{"href":"https:\/\/dcievent.com\/index.php\/wp-json\/wp\/v2\/types\/page"}],"author":[{"embeddable":true,"href":"https:\/\/dcievent.com\/index.php\/wp-json\/wp\/v2\/users\/1"}],"replies":[{"embeddable":true,"href":"https:\/\/dcievent.com\/index.php\/wp-json\/wp\/v2\/comments?post=2902"}],"version-history":[{"count":3,"href":"https:\/\/dcievent.com\/index.php\/wp-json\/wp\/v2\/pages\/2902\/revisions"}],"predecessor-version":[{"id":2961,"href":"https:\/\/dcievent.com\/index.php\/wp-json\/wp\/v2\/pages\/2902\/revisions\/2961"}],"wp:attachment":[{"href":"https:\/\/dcievent.com\/index.php\/wp-json\/wp\/v2\/media?parent=2902"}],"curies":[{"name":"wp","href":"https:\/\/api.w.org\/{rel}","templated":true}]}}