{"id":25,"date":"2016-10-22T12:12:09","date_gmt":"2016-10-22T10:12:09","guid":{"rendered":"http:\/\/dcievent.com\/?page_id=25"},"modified":"2024-11-25T11:52:09","modified_gmt":"2024-11-25T10:52:09","slug":"contact","status":"publish","type":"page","link":"https:\/\/dcievent.com\/index.php\/contact\/","title":{"rendered":"Contact"},"content":{"rendered":"\n<div class=\"wp-block-columns is-layout-flex wp-container-core-columns-is-layout-9d6595d7 wp-block-columns-is-layout-flex\">\n<div class=\"wp-block-column is-layout-flow wp-block-column-is-layout-flow\">\n<figure class=\"wp-block-image size-full is-resized\"><a href=\"https:\/\/www.facebook.com\/dcievent\" target=\"_blank\" rel=\"noopener\"><img data-opt-id=2133854091  fetchpriority=\"high\" decoding=\"async\" width=\"120\" height=\"120\" src=\"https:\/\/mlpbnbifhtdl.i.optimole.com\/cb:Cy3u.b2dd\/w:auto\/h:auto\/q:mauto\/g:sm\/f:best\/https:\/\/dcievent.com\/wp-content\/uploads\/2017\/03\/picto-facebook-DCI-event.png\" alt=\"picto facebook dci event ainhoa couleur\" class=\"wp-image-1458\" style=\"width:68px;height:68px\" srcset=\"https:\/\/mlpbnbifhtdl.i.optimole.com\/cb:Cy3u.b2dd\/w:120\/h:120\/q:mauto\/g:sm\/f:best\/dpr:2\/https:\/\/dcievent.com\/wp-content\/uploads\/2017\/03\/picto-facebook-DCI-event.png 120w, https:\/\/mlpbnbifhtdl.i.optimole.com\/cb:Cy3u.b2dd\/w:150\/h:150\/q:mauto\/g:sm\/f:best\/https:\/\/dcievent.com\/wp-content\/uploads\/2017\/03\/picto-facebook-DCI-event.png 150w\" sizes=\"(max-width: 120px) 100vw, 120px\" \/><\/a><\/figure>\n<\/div>\n\n\n\n<div class=\"wp-block-column is-layout-flow wp-block-column-is-layout-flow\">\n<figure class=\"wp-block-image size-full is-resized\"><a href=\"https:\/\/www.instagram.com\/dcievent\" target=\"_blank\" rel=\"noopener\"><img data-opt-id=1058380173  data-opt-src=\"https:\/\/mlpbnbifhtdl.i.optimole.com\/cb:Cy3u.b2dd\/w:auto\/h:auto\/q:mauto\/g:sm\/f:best\/https:\/\/dcievent.com\/wp-content\/uploads\/2017\/03\/picto-instagram-DCI-event.png\"  decoding=\"async\" width=\"120\" height=\"120\" src=\"data:image/svg+xml,%3Csvg%20viewBox%3D%220%200%20100%%20100%%22%20width%3D%22100%%22%20height%3D%22100%%22%20xmlns%3D%22http%3A%2F%2Fwww.w3.org%2F2000%2Fsvg%22%3E%3Crect%20width%3D%22100%%22%20height%3D%22100%%22%20fill%3D%22transparent%22%2F%3E%3C%2Fsvg%3E\" alt=\"picto instagram dci event ainhoa couleur\" class=\"wp-image-1460\" style=\"width:68px;height:68px\" old-srcset=\"https:\/\/mlpbnbifhtdl.i.optimole.com\/cb:Cy3u.b2dd\/w:120\/h:120\/q:mauto\/g:sm\/f:best\/dpr:2\/https:\/\/dcievent.com\/wp-content\/uploads\/2017\/03\/picto-instagram-DCI-event.png 120w, https:\/\/mlpbnbifhtdl.i.optimole.com\/cb:Cy3u.b2dd\/w:150\/h:150\/q:mauto\/g:sm\/f:best\/https:\/\/dcievent.com\/wp-content\/uploads\/2017\/03\/picto-instagram-DCI-event.png 150w\" \/><\/a><\/figure>\n<\/div>\n\n\n\n<div class=\"wp-block-column is-layout-flow wp-block-column-is-layout-flow\">\n<figure class=\"wp-block-image size-full is-resized\"><a href=\"https:\/\/www.labelspectacle.org\" target=\"_blank\" rel=\"noopener\"><img data-opt-id=2126974617  data-opt-src=\"https:\/\/mlpbnbifhtdl.i.optimole.com\/cb:Cy3u.b2dd\/w:auto\/h:auto\/q:mauto\/g:sm\/f:best\/https:\/\/dcievent.com\/wp-content\/uploads\/2019\/12\/logo-label-prestataire-du-spectacle-vivant-DCI-event.png\"  decoding=\"async\" width=\"153\" height=\"130\" src=\"data:image/svg+xml,%3Csvg%20viewBox%3D%220%200%20100%%20100%%22%20width%3D%22100%%22%20height%3D%22100%%22%20xmlns%3D%22http%3A%2F%2Fwww.w3.org%2F2000%2Fsvg%22%3E%3Crect%20width%3D%22100%%22%20height%3D%22100%%22%20fill%3D%22transparent%22%2F%3E%3C%2Fsvg%3E\" alt=\"DCI event label prestataire de service du spectacle vivant 952\" class=\"wp-image-2131\" style=\"width:82px;height:70px\"\/><\/a><figcaption class=\"wp-element-caption\">num\u00e9ro 952<\/figcaption><\/figure>\n<\/div>\n<\/div>\n\n\n\n<table id=\"tablepress-2\" class=\"tablepress tablepress-id-2 tbody-has-connected-cells\">\n<tbody>\n<tr class=\"row-1\">\n\t<td colspan=\"2\" class=\"column-1\"><h3>Formulaire de contact pour des informations diverses, \u00e9tablissement d'un devis, location, ou tout autre renseignement.<\/h3><\/td>\n<\/tr>\n<tr class=\"row-2\">\n\t<td rowspan=\"3\" class=\"column-1\">\n<div class=\"wpcf7 no-js\" id=\"wpcf7-f134-p25-o1\" lang=\"fr-FR\" dir=\"ltr\" data-wpcf7-id=\"134\">\n<div class=\"screen-reader-response\"><p role=\"status\" aria-live=\"polite\" aria-atomic=\"true\"><\/p> <ul><\/ul><\/div>\n<form action=\"\/index.php\/contact\/#wpcf7-f134-p25-o1\" method=\"post\" class=\"wpcf7-form init\" aria-label=\"Formulaire de contact\" novalidate=\"novalidate\" data-status=\"init\">\n<fieldset class=\"hidden-fields-container\"><input type=\"hidden\" name=\"_wpcf7\" value=\"134\" \/><input type=\"hidden\" name=\"_wpcf7_version\" value=\"6.1.5\" \/><input type=\"hidden\" name=\"_wpcf7_locale\" value=\"fr_FR\" \/><input type=\"hidden\" name=\"_wpcf7_unit_tag\" value=\"wpcf7-f134-p25-o1\" \/><input type=\"hidden\" name=\"_wpcf7_container_post\" value=\"25\" \/><input type=\"hidden\" name=\"_wpcf7_posted_data_hash\" value=\"\" \/>\n<\/fieldset>\n<p><label> Votre nom (obligatoire)<br \/>\n<span class=\"wpcf7-form-control-wrap\" data-name=\"your-name\"><input size=\"40\" maxlength=\"400\" class=\"wpcf7-form-control wpcf7-text wpcf7-validates-as-required\" aria-required=\"true\" aria-invalid=\"false\" value=\"\" type=\"text\" name=\"your-name\" \/><\/span> <\/label>\n<\/p>\n<p><label> Nom de votre soci\u00e9t\u00e9 (recommand\u00e9)<br \/>\n<span class=\"wpcf7-form-control-wrap\" data-name=\"your-society\"><input size=\"40\" maxlength=\"400\" class=\"wpcf7-form-control wpcf7-text\" aria-invalid=\"false\" value=\"\" type=\"text\" name=\"your-society\" \/><\/span> <\/label>\n<\/p>\n<p><label> Num\u00e9ro de t\u00e9l\u00e9phone (recommand\u00e9)<br \/>\n<span class=\"wpcf7-form-control-wrap\" data-name=\"your-phone\"><input size=\"40\" maxlength=\"400\" class=\"wpcf7-form-control wpcf7-tel wpcf7-text wpcf7-validates-as-tel\" aria-invalid=\"false\" value=\"\" type=\"tel\" name=\"your-phone\" \/><\/span> <\/label>\n<\/p>\n<p><label> Votre e-mail (obligatoire)<br \/>\n<span class=\"wpcf7-form-control-wrap\" data-name=\"your-email\"><input size=\"40\" maxlength=\"400\" class=\"wpcf7-form-control wpcf7-email wpcf7-validates-as-required wpcf7-text wpcf7-validates-as-email\" aria-required=\"true\" aria-invalid=\"false\" value=\"\" type=\"email\" name=\"your-email\" \/><\/span> <\/label>\n<\/p>\n<p><label> S\u00e9lectionnez un sujet (obligatoire)<br \/>\n<span class=\"wpcf7-form-control-wrap\" data-name=\"your-subject\"><select class=\"wpcf7-form-control wpcf7-select wpcf7-validates-as-required\" aria-required=\"true\" aria-invalid=\"false\" name=\"your-subject\"><option value=\"Information\">Information<\/option><option value=\"Devis\">Devis<\/option><option value=\"Location\">Location<\/option><option value=\"Achat\">Achat<\/option><\/select><\/span> <\/label>\n<\/p>\n<p><label> Votre message (obligatoire)<br \/>\n<span class=\"wpcf7-form-control-wrap\" data-name=\"your-message\"><textarea cols=\"40\" rows=\"10\" maxlength=\"2000\" class=\"wpcf7-form-control wpcf7-textarea wpcf7-validates-as-required\" aria-required=\"true\" aria-invalid=\"false\" name=\"your-message\"><\/textarea><\/span> <\/label>\n<\/p>\n<p><input type=\"hidden\" name=\"_wpcf7_captcha_challenge_captcha-1\" value=\"1638069042\" \/><img data-opt-id=1980961873  data-opt-src=\"https:\/\/mlpbnbifhtdl.i.optimole.com\/cb:Cy3u.b2dd\/w:auto\/h:auto\/q:mauto\/g:sm\/f:best\/https:\/\/dcievent.com\/wp-content\/uploads\/wpcf7_captcha\/1638069042.png\"  decoding=\"async\" class=\"wpcf7-form-control wpcf7-captchac wpcf7-captcha-captcha-1\" width=\"72\" height=\"24\" alt=\"captcha\" src=\"data:image/svg+xml,%3Csvg%20viewBox%3D%220%200%20100%%20100%%22%20width%3D%22100%%22%20height%3D%22100%%22%20xmlns%3D%22http%3A%2F%2Fwww.w3.org%2F2000%2Fsvg%22%3E%3Crect%20width%3D%22100%%22%20height%3D%22100%%22%20fill%3D%22transparent%22%2F%3E%3C%2Fsvg%3E\" \/><span class=\"wpcf7-form-control-wrap\" data-name=\"captcha-1\"><input size=\"40\" class=\"wpcf7-form-control wpcf7-captchar\" autocomplete=\"off\" aria-invalid=\"false\" value=\"\" type=\"text\" name=\"captcha-1\" \/><\/span>\n<\/p>\n<p><input class=\"wpcf7-form-control wpcf7-submit has-spinner\" type=\"submit\" value=\"Envoyer\" \/>\n<\/p><div class=\"wpcf7-response-output\" aria-hidden=\"true\"><\/div>\n<\/form>\n<\/div>\n<\/td><td class=\"column-2\"><h4>Horaires :<\/h4><br \/>\nla semaine : 8h00-12h00 et 13h00-17h00<br \/>\n<br \/>\nle samedi : 9h - 12h<\/td>\n<\/tr>\n<tr class=\"row-3\">\n\t<td class=\"column-2\"><h4>Adresse et t\u00e9l\u00e9phone:<\/h4><br \/>\nDCI event<br \/>\n445, Errobi Lan Eremuko bidea<br \/>\n64250 Itxassou<br \/>\n<br \/>\n05 59 93 10 50<br \/>\n<br \/>\ninfos@dcievent.com<\/td>\n<\/tr>\n<tr class=\"row-4\">\n\t<td class=\"column-2\"><\/td>\n<\/tr>\n<tr class=\"row-5\">\n\t<td class=\"column-1\"><\/td><td class=\"column-2\"> <a href=\"http:\/\/www.dcievent.com\/index.php\/mentions-legales\/\">Mentions l\u00e9gales<\/a><\/td>\n<\/tr>\n<\/tbody>\n<\/table>\n<!-- #tablepress-2 from cache -->\n\n\n<div class=\"wp-block-image\">\n<figure class=\"alignleft size-large is-resized\"><a href=\"https:\/\/www.dcindustrie.com\"><img data-opt-id=757015606  data-opt-src=\"https:\/\/mlpbnbifhtdl.i.optimole.com\/cb:Cy3u.b2dd\/w:1024\/h:882\/q:mauto\/g:sm\/f:best\/https:\/\/dcievent.com\/wp-content\/uploads\/2024\/11\/DCI_LogoIndustrie-2.png\"  decoding=\"async\" width=\"1024\" height=\"882\" src=\"data:image/svg+xml,%3Csvg%20viewBox%3D%220%200%201024%20882%22%20width%3D%221024%22%20height%3D%22882%22%20xmlns%3D%22http%3A%2F%2Fwww.w3.org%2F2000%2Fsvg%22%3E%3Crect%20width%3D%221024%22%20height%3D%22882%22%20fill%3D%22transparent%22%2F%3E%3C%2Fsvg%3E\" alt=\"\" class=\"wp-image-2950\" style=\"width:146px;height:auto\" old-srcset=\"https:\/\/mlpbnbifhtdl.i.optimole.com\/cb:Cy3u.b2dd\/w:1024\/h:882\/q:mauto\/g:sm\/f:best\/https:\/\/dcievent.com\/wp-content\/uploads\/2024\/11\/DCI_LogoIndustrie-2.png 1024w, https:\/\/mlpbnbifhtdl.i.optimole.com\/cb:Cy3u.b2dd\/w:300\/h:258\/q:mauto\/g:sm\/f:best\/https:\/\/dcievent.com\/wp-content\/uploads\/2024\/11\/DCI_LogoIndustrie-2.png 300w, https:\/\/mlpbnbifhtdl.i.optimole.com\/cb:Cy3u.b2dd\/w:768\/h:661\/q:mauto\/g:sm\/f:best\/https:\/\/dcievent.com\/wp-content\/uploads\/2024\/11\/DCI_LogoIndustrie-2.png 768w, https:\/\/mlpbnbifhtdl.i.optimole.com\/cb:Cy3u.b2dd\/w:1254\/h:1080\/q:mauto\/g:sm\/f:best\/https:\/\/dcievent.com\/wp-content\/uploads\/2024\/11\/DCI_LogoIndustrie-2.png 1536w, https:\/\/mlpbnbifhtdl.i.optimole.com\/cb:Cy3u.b2dd\/w:1254\/h:1080\/q:mauto\/g:sm\/f:best\/https:\/\/dcievent.com\/wp-content\/uploads\/2024\/11\/DCI_LogoIndustrie-2.png 2048w\" \/><\/a><figcaption class=\"wp-element-caption\">G\u00e9nie \u00e9lectrique<br>Fabrication sur-mesure<\/figcaption><\/figure><\/div>\n\n\n<p><\/p>\n","protected":false},"excerpt":{"rendered":"","protected":false},"author":1,"featured_media":0,"parent":0,"menu_order":4,"comment_status":"closed","ping_status":"closed","template":"template-fullwidth.php","meta":{"footnotes":""},"class_list":["post-25","page","type-page","status-publish","hentry"],"yoast_head":"<!-- This site is optimized with the Yoast SEO plugin v27.4 - https:\/\/yoast.com\/product\/yoast-seo-wordpress\/ -->\n<title>Contact - Sonorisation Pays Basque - DCI Event - Prestataire Technique Audiovisuel<\/title>\n<meta name=\"description\" content=\"formulaire de contact, adresse DCI event, horaires d&#039;ouverture, num\u00e9ro de t\u00e9l\u00e9phone, mail, devis gratuit, plan d&#039;acc\u00e8s Ainhoa\" \/>\n<meta name=\"robots\" content=\"index, follow, max-snippet:-1, max-image-preview:large, max-video-preview:-1\" \/>\n<link rel=\"canonical\" href=\"https:\/\/dcievent.com\/index.php\/contact\/\" \/>\n<meta property=\"og:locale\" content=\"fr_FR\" \/>\n<meta property=\"og:type\" content=\"article\" \/>\n<meta property=\"og:title\" content=\"Contact - Sonorisation Pays Basque - DCI Event - Prestataire Technique Audiovisuel\" \/>\n<meta property=\"og:description\" content=\"formulaire de contact, adresse DCI event, horaires d&#039;ouverture, num\u00e9ro de t\u00e9l\u00e9phone, mail, devis gratuit, plan d&#039;acc\u00e8s Ainhoa\" \/>\n<meta property=\"og:url\" content=\"https:\/\/dcievent.com\/index.php\/contact\/\" \/>\n<meta property=\"og:site_name\" content=\"DCI Event - Prestataire Technique Audiovisuel\" \/>\n<meta property=\"article:publisher\" content=\"http:\/\/www.facebook.com\/dcievent\" \/>\n<meta property=\"article:modified_time\" content=\"2024-11-25T10:52:09+00:00\" \/>\n<meta property=\"og:image\" content=\"https:\/\/mlpbnbifhtdl.i.optimole.com\/cb:Cy3u.b2dd\/w:auto\/h:auto\/q:mauto\/g:sm\/f:best\/https:\/\/dcievent.com\/wp-content\/uploads\/2017\/03\/picto-facebook-DCI-event.png\" \/>\n\t<meta property=\"og:image:width\" content=\"120\" \/>\n\t<meta property=\"og:image:height\" content=\"120\" \/>\n\t<meta property=\"og:image:type\" content=\"image\/png\" \/>\n<meta name=\"twitter:card\" content=\"summary_large_image\" \/>\n<meta name=\"twitter:label1\" content=\"Dur\u00e9e de lecture estim\u00e9e\" \/>\n\t<meta name=\"twitter:data1\" content=\"1 minute\" \/>\n<script type=\"application\/ld+json\" class=\"yoast-schema-graph\">{\"@context\":\"https:\\\/\\\/schema.org\",\"@graph\":[{\"@type\":[\"WebPage\",\"ContactPage\"],\"@id\":\"https:\\\/\\\/dcievent.com\\\/index.php\\\/contact\\\/\",\"url\":\"https:\\\/\\\/dcievent.com\\\/index.php\\\/contact\\\/\",\"name\":\"Contact - Sonorisation Pays Basque - DCI Event - Prestataire Technique Audiovisuel\",\"isPartOf\":{\"@id\":\"https:\\\/\\\/dcievent.com\\\/#website\"},\"primaryImageOfPage\":{\"@id\":\"https:\\\/\\\/dcievent.com\\\/index.php\\\/contact\\\/#primaryimage\"},\"image\":{\"@id\":\"https:\\\/\\\/dcievent.com\\\/index.php\\\/contact\\\/#primaryimage\"},\"thumbnailUrl\":\"https:\\/\\/dcievent.com\\/wp-content\\/uploads\\/2017\\/03\\/picto-facebook-DCI-event.png\",\"datePublished\":\"2016-10-22T10:12:09+00:00\",\"dateModified\":\"2024-11-25T10:52:09+00:00\",\"description\":\"formulaire de contact, adresse DCI event, horaires d'ouverture, num\u00e9ro de t\u00e9l\u00e9phone, mail, devis gratuit, plan d'acc\u00e8s Ainhoa\",\"breadcrumb\":{\"@id\":\"https:\\\/\\\/dcievent.com\\\/index.php\\\/contact\\\/#breadcrumb\"},\"inLanguage\":\"fr-FR\",\"potentialAction\":[{\"@type\":\"ReadAction\",\"target\":[\"https:\\\/\\\/dcievent.com\\\/index.php\\\/contact\\\/\"]}]},{\"@type\":\"ImageObject\",\"inLanguage\":\"fr-FR\",\"@id\":\"https:\\\/\\\/dcievent.com\\\/index.php\\\/contact\\\/#primaryimage\",\"url\":\"https:\\/\\/dcievent.com\\/wp-content\\/uploads\\/2017\\/03\\/picto-facebook-DCI-event.png\",\"contentUrl\":\"https:\\/\\/dcievent.com\\/wp-content\\/uploads\\/2017\\/03\\/picto-facebook-DCI-event.png\",\"width\":120,\"height\":120,\"caption\":\"picto facebook dci event ainhoa couleur\"},{\"@type\":\"BreadcrumbList\",\"@id\":\"https:\\\/\\\/dcievent.com\\\/index.php\\\/contact\\\/#breadcrumb\",\"itemListElement\":[{\"@type\":\"ListItem\",\"position\":1,\"name\":\"Accueil\",\"item\":\"https:\\\/\\\/dcievent.com\\\/\"},{\"@type\":\"ListItem\",\"position\":2,\"name\":\"Contact\"}]},{\"@type\":\"WebSite\",\"@id\":\"https:\\\/\\\/dcievent.com\\\/#website\",\"url\":\"https:\\\/\\\/dcievent.com\\\/\",\"name\":\"DCI Event\",\"description\":\"Location sonorisation, int\u00e9grateur audiovisuel, r\u00e9gie technique de spectacle\",\"publisher\":{\"@id\":\"https:\\\/\\\/dcievent.com\\\/#organization\"},\"potentialAction\":[{\"@type\":\"SearchAction\",\"target\":{\"@type\":\"EntryPoint\",\"urlTemplate\":\"https:\\\/\\\/dcievent.com\\\/?s={search_term_string}\"},\"query-input\":{\"@type\":\"PropertyValueSpecification\",\"valueRequired\":true,\"valueName\":\"search_term_string\"}}],\"inLanguage\":\"fr-FR\"},{\"@type\":\"Organization\",\"@id\":\"https:\\\/\\\/dcievent.com\\\/#organization\",\"name\":\"DCI event\",\"url\":\"https:\\\/\\\/dcievent.com\\\/\",\"logo\":{\"@type\":\"ImageObject\",\"inLanguage\":\"fr-FR\",\"@id\":\"https:\\\/\\\/dcievent.com\\\/#\\\/schema\\\/logo\\\/image\\\/\",\"url\":\"https:\\/\\/dcievent.com\\/wp-content\\/uploads\\/2024\\/01\\/cropped-cropped-DCI_LogoEvent_CMJN_HD-scaled-1.jpg\",\"contentUrl\":\"https:\\/\\/dcievent.com\\/wp-content\\/uploads\\/2024\\/01\\/cropped-cropped-DCI_LogoEvent_CMJN_HD-scaled-1.jpg\",\"width\":512,\"height\":512,\"caption\":\"DCI event\"},\"image\":{\"@id\":\"https:\\\/\\\/dcievent.com\\\/#\\\/schema\\\/logo\\\/image\\\/\"},\"sameAs\":[\"http:\\\/\\\/www.facebook.com\\\/dcievent\",\"http:\\\/\\\/www.instagram.com\\\/dcievent\"]}]}<\/script>\n<!-- \/ Yoast SEO plugin. -->","yoast_head_json":{"title":"Contact - Sonorisation Pays Basque - DCI Event - Prestataire Technique Audiovisuel","description":"formulaire de contact, adresse DCI event, horaires d'ouverture, num\u00e9ro de t\u00e9l\u00e9phone, mail, devis gratuit, plan d'acc\u00e8s Ainhoa","robots":{"index":"index","follow":"follow","max-snippet":"max-snippet:-1","max-image-preview":"max-image-preview:large","max-video-preview":"max-video-preview:-1"},"canonical":"https:\/\/dcievent.com\/index.php\/contact\/","og_locale":"fr_FR","og_type":"article","og_title":"Contact - Sonorisation Pays Basque - DCI Event - Prestataire Technique Audiovisuel","og_description":"formulaire de contact, adresse DCI event, horaires d'ouverture, num\u00e9ro de t\u00e9l\u00e9phone, mail, devis gratuit, plan d'acc\u00e8s Ainhoa","og_url":"https:\/\/dcievent.com\/index.php\/contact\/","og_site_name":"DCI Event - Prestataire Technique Audiovisuel","article_publisher":"http:\/\/www.facebook.com\/dcievent","article_modified_time":"2024-11-25T10:52:09+00:00","og_image":[{"width":120,"height":120,"url":"https:\/\/mlpbnbifhtdl.i.optimole.com\/cb:Cy3u.b2dd\/w:auto\/h:auto\/q:mauto\/g:sm\/f:best\/https:\/\/dcievent.com\/wp-content\/uploads\/2017\/03\/picto-facebook-DCI-event.png","type":"image\/png"}],"twitter_card":"summary_large_image","twitter_misc":{"Dur\u00e9e de lecture estim\u00e9e":"1 minute"},"schema":{"@context":"https:\/\/schema.org","@graph":[{"@type":["WebPage","ContactPage"],"@id":"https:\/\/dcievent.com\/index.php\/contact\/","url":"https:\/\/dcievent.com\/index.php\/contact\/","name":"Contact - Sonorisation Pays Basque - DCI Event - Prestataire Technique Audiovisuel","isPartOf":{"@id":"https:\/\/dcievent.com\/#website"},"primaryImageOfPage":{"@id":"https:\/\/dcievent.com\/index.php\/contact\/#primaryimage"},"image":{"@id":"https:\/\/dcievent.com\/index.php\/contact\/#primaryimage"},"thumbnailUrl":"https:\/\/mlpbnbifhtdl.i.optimole.com\/cb:Cy3u.b2dd\/w:auto\/h:auto\/q:mauto\/g:sm\/f:best\/https:\/\/dcievent.com\/wp-content\/uploads\/2017\/03\/picto-facebook-DCI-event.png","datePublished":"2016-10-22T10:12:09+00:00","dateModified":"2024-11-25T10:52:09+00:00","description":"formulaire de contact, adresse DCI event, horaires d'ouverture, num\u00e9ro de t\u00e9l\u00e9phone, mail, devis gratuit, plan d'acc\u00e8s Ainhoa","breadcrumb":{"@id":"https:\/\/dcievent.com\/index.php\/contact\/#breadcrumb"},"inLanguage":"fr-FR","potentialAction":[{"@type":"ReadAction","target":["https:\/\/dcievent.com\/index.php\/contact\/"]}]},{"@type":"ImageObject","inLanguage":"fr-FR","@id":"https:\/\/dcievent.com\/index.php\/contact\/#primaryimage","url":"https:\/\/mlpbnbifhtdl.i.optimole.com\/cb:Cy3u.b2dd\/w:auto\/h:auto\/q:mauto\/g:sm\/f:best\/https:\/\/dcievent.com\/wp-content\/uploads\/2017\/03\/picto-facebook-DCI-event.png","contentUrl":"https:\/\/mlpbnbifhtdl.i.optimole.com\/cb:Cy3u.b2dd\/w:auto\/h:auto\/q:mauto\/g:sm\/f:best\/https:\/\/dcievent.com\/wp-content\/uploads\/2017\/03\/picto-facebook-DCI-event.png","width":120,"height":120,"caption":"picto facebook dci event ainhoa couleur"},{"@type":"BreadcrumbList","@id":"https:\/\/dcievent.com\/index.php\/contact\/#breadcrumb","itemListElement":[{"@type":"ListItem","position":1,"name":"Accueil","item":"https:\/\/dcievent.com\/"},{"@type":"ListItem","position":2,"name":"Contact"}]},{"@type":"WebSite","@id":"https:\/\/dcievent.com\/#website","url":"https:\/\/dcievent.com\/","name":"DCI Event","description":"Location sonorisation, int\u00e9grateur audiovisuel, r\u00e9gie technique de spectacle","publisher":{"@id":"https:\/\/dcievent.com\/#organization"},"potentialAction":[{"@type":"SearchAction","target":{"@type":"EntryPoint","urlTemplate":"https:\/\/dcievent.com\/?s={search_term_string}"},"query-input":{"@type":"PropertyValueSpecification","valueRequired":true,"valueName":"search_term_string"}}],"inLanguage":"fr-FR"},{"@type":"Organization","@id":"https:\/\/dcievent.com\/#organization","name":"DCI event","url":"https:\/\/dcievent.com\/","logo":{"@type":"ImageObject","inLanguage":"fr-FR","@id":"https:\/\/dcievent.com\/#\/schema\/logo\/image\/","url":"https:\/\/mlpbnbifhtdl.i.optimole.com\/cb:Cy3u.b2dd\/w:auto\/h:auto\/q:mauto\/g:sm\/f:best\/https:\/\/dcievent.com\/wp-content\/uploads\/2024\/01\/cropped-cropped-DCI_LogoEvent_CMJN_HD-scaled-1.jpg","contentUrl":"https:\/\/mlpbnbifhtdl.i.optimole.com\/cb:Cy3u.b2dd\/w:auto\/h:auto\/q:mauto\/g:sm\/f:best\/https:\/\/dcievent.com\/wp-content\/uploads\/2024\/01\/cropped-cropped-DCI_LogoEvent_CMJN_HD-scaled-1.jpg","width":512,"height":512,"caption":"DCI event"},"image":{"@id":"https:\/\/dcievent.com\/#\/schema\/logo\/image\/"},"sameAs":["http:\/\/www.facebook.com\/dcievent","http:\/\/www.instagram.com\/dcievent"]}]}},"_links":{"self":[{"href":"https:\/\/dcievent.com\/index.php\/wp-json\/wp\/v2\/pages\/25","targetHints":{"allow":["GET"]}}],"collection":[{"href":"https:\/\/dcievent.com\/index.php\/wp-json\/wp\/v2\/pages"}],"about":[{"href":"https:\/\/dcievent.com\/index.php\/wp-json\/wp\/v2\/types\/page"}],"author":[{"embeddable":true,"href":"https:\/\/dcievent.com\/index.php\/wp-json\/wp\/v2\/users\/1"}],"replies":[{"embeddable":true,"href":"https:\/\/dcievent.com\/index.php\/wp-json\/wp\/v2\/comments?post=25"}],"version-history":[{"count":17,"href":"https:\/\/dcievent.com\/index.php\/wp-json\/wp\/v2\/pages\/25\/revisions"}],"predecessor-version":[{"id":2951,"href":"https:\/\/dcievent.com\/index.php\/wp-json\/wp\/v2\/pages\/25\/revisions\/2951"}],"wp:attachment":[{"href":"https:\/\/dcievent.com\/index.php\/wp-json\/wp\/v2\/media?parent=25"}],"curies":[{"name":"wp","href":"https:\/\/api.w.org\/{rel}","templated":true}]}}