{"id":2090,"date":"2019-12-20T11:31:02","date_gmt":"2019-12-20T10:31:02","guid":{"rendered":"http:\/\/dcievent.com\/?page_id=2090"},"modified":"2024-10-17T14:49:05","modified_gmt":"2024-10-17T12:49:05","slug":"integration","status":"publish","type":"page","link":"https:\/\/dcievent.com\/index.php\/integration\/","title":{"rendered":"Vente &amp; int\u00e9gration audiovisuelle"},"content":{"rendered":"\n<h1 class=\"wp-block-heading\">Int\u00e9grateur audiovisuel : votre partenaire en solutions audiovisuelles cl\u00e9s en main<\/h1>\n\n\n\n<p>Vous cherchez un int\u00e9grateur audiovisuel pour vos projets ? Chez DCI Event, nous transformons vos espaces gr\u00e2ce \u00e0 une <strong>int\u00e9gration sur-mesure<\/strong> de solutions audiovisuelles et multim\u00e9dias professionnelles. De la vente du mat\u00e9riel \u00e0 son installation et son entretien, nous vous offrons un <strong>service complet<\/strong> pour garantir l&#8217;optimisation de vos espaces et obtenir un r\u00e9sultat correspondant \u00e0 votre image.<\/p>\n\n\n\n<h2 class=\"wp-block-heading\"><mark style=\"background-color:rgba(0, 0, 0, 0)\" class=\"has-inline-color has-luminous-vivid-orange-color\"><strong>Vente et int\u00e9gration de mat\u00e9riel audiovisuel professionnel<\/strong><\/mark><\/h2>\n\n\n\n<p>Notre <strong>accompagnement<\/strong> est simple et se d\u00e9roule en 3 \u00e9tapes :<\/p>\n\n\n\n<ol class=\"wp-block-list\">\n<li>Nous \u00e9changeons avec vous sur votre projet afin de le cadrer vos besoins<\/li>\n\n\n\n<li>Nous s\u00e9lectionnons le mat\u00e9riel audiovisuel adapt\u00e9.<\/li>\n\n\n\n<li>Notre \u00e9quipe de techniciens s\u2019occupe de l\u2019int\u00e9gration du mat\u00e9riel en se coordonnant avec les autres corps de m\u00e9tiers impliqu\u00e9s sur le chantier.<\/li>\n<\/ol>\n\n\n\n<p>Notre expertise nous permet de vous conseiller les meilleures solutions du march\u00e9 en fonction de vos attentes, qu&#8217;il s&#8217;agisse de projecteurs, d&#8217;\u00e9crans LED, de syst\u00e8mes de sonorisation, ou encore de r\u00e9gies audiovisuelles.&nbsp;<\/p>\n\n\n\n<p>Chaque produit est s\u00e9lectionn\u00e9 avec soin pour garantir sa compatibilit\u00e9 avec votre infrastructure et une int\u00e9gration optimale, <strong>\u00e9volutive sur le long terme<\/strong>.<\/p>\n\n\n\n<h2 class=\"wp-block-heading\"><strong><mark style=\"background-color:rgba(0, 0, 0, 0)\" class=\"has-inline-color has-luminous-vivid-orange-color\">Conception et \u00e9tude de projet<\/mark><\/strong><\/h2>\n\n\n\n<p>Avant de passer \u00e0 l\u2019installation, nous r\u00e9alisons un dessin et des <strong>plans d\u00e9taill\u00e9s<\/strong> de votre projet gr\u00e2ce \u00e0 des logiciels sp\u00e9cialis\u00e9s.&nbsp;<\/p>\n\n\n\n<p>Nous travaillons avec des outils de simulation et visualisation comme AutoCAD, SolidWorks et autres logiciels professionnels audiovisuels.<\/p>\n\n\n\n<p>Cette d\u00e9marche permet d\u2019anticiper les \u00e9ventuels ajustements et de vous proposer une solution cl\u00e9 en main sans surprise.<\/p>\n\n\n\n<h2 class=\"wp-block-heading\"><strong><mark style=\"background-color:rgba(0, 0, 0, 0)\" class=\"has-inline-color has-luminous-vivid-orange-color\">Des solutions adapt\u00e9es \u00e0 tous types de lieux<\/mark><\/strong><\/h2>\n\n\n\n<p>Nos prestations s\u2019adressent \u00e0 une grande diversit\u00e9 de clients et d\u2019environnements.&nbsp;<\/p>\n\n\n\n<p>Nous intervenons dans des <strong>salles de spectacles<\/strong>, <strong>bars &amp; restaurants, salles polyvalentes<\/strong>, <strong>salles de sport, mus\u00e9es, stades, <\/strong>\u2026\u00a0<\/p>\n\n\n\n<p>Quel que soit votre domaine d\u2019activit\u00e9, nous sommes en mesure de vous proposer des solutions sur mesure qui r\u00e9pondent \u00e0 vos besoins sp\u00e9cifiques.&nbsp;<\/p>\n\n\n\n<p>Nos experts audiovisuels savent s\u2019adapter \u00e0 la complexit\u00e9 de chaque espace pour assurer une <strong>exp\u00e9rience utilisateur optimale<\/strong>.<\/p>\n\n\n\n<h2 class=\"wp-block-heading\"><strong><mark style=\"background-color:rgba(0, 0, 0, 0)\" class=\"has-inline-color has-luminous-vivid-orange-color\">Formation de vos \u00e9quipes \u00e0 l\u2019utilisation du mat\u00e9riel<\/mark><\/strong><\/h2>\n\n\n\n<p>Une fois l\u2019int\u00e9gration audiovisuelle r\u00e9alis\u00e9e, nous ne vous laissons pas seul.&nbsp;<\/p>\n\n\n\n<p>Nous prenons en charge la <strong>formation de vos \u00e9quipes<\/strong> pour qu\u2019elles puissent utiliser le mat\u00e9riel int\u00e9gr\u00e9 avec aisance.&nbsp;<\/p>\n\n\n\n<p>Nous vous transmettons toutes les comp\u00e9tences n\u00e9cessaires pour g\u00e9rer votre installation en toute autonomie (r\u00e9gie technique, syst\u00e8me de sonorisation\u2026 etc).<\/p>\n\n\n\n<h2 class=\"wp-block-heading\"><mark style=\"background-color:rgba(0, 0, 0, 0)\" class=\"has-inline-color has-luminous-vivid-orange-color\"><strong>Certification et comp\u00e9tence : un gage de qualit\u00e9<\/strong><\/mark><\/h2>\n\n\n\n<p>Nos techniciens sont r\u00e9guli\u00e8rement form\u00e9s et <strong>certifi\u00e9s par les marques<\/strong> que nous distribuons.&nbsp;<\/p>\n\n\n\n<p>Ces certifications garantissent que chaque produit que nous installons est utilis\u00e9 selon les sp\u00e9cifications techniques du fabricant et dans les r\u00e8gles de l\u2019art.<\/p>\n\n\n\n<p>Cette reconnaissance de la part de nos partenaires est un gage de notre savoir-faire et de notre capacit\u00e9 \u00e0 vous fournir des solutions de qualit\u00e9 sup\u00e9rieure.<\/p>\n\n\n\n<h2 class=\"wp-block-heading\"><strong><mark style=\"background-color:rgba(0, 0, 0, 0)\" class=\"has-inline-color has-luminous-vivid-orange-color\">Un suivi client et un SAV r\u00e9actif<\/mark><\/strong><\/h2>\n\n\n\n<p>Votre satisfaction est au c\u0153ur de notre d\u00e9marche.&nbsp;<\/p>\n\n\n\n<p>C\u2019est pourquoi nous offrons un <strong>suivi client complet<\/strong> apr\u00e8s l\u2019int\u00e9gration du mat\u00e9riel. Vous rencontrez un souci technique\u202f? Pas de panique, notre <strong>SAV<\/strong> est \u00e0 votre disposition pour assurer l\u2019entretien, les r\u00e9parations et, si n\u00e9cessaire, le remplacement imm\u00e9diat du mat\u00e9riel.&nbsp;<\/p>\n\n\n\n<p>Nous disposons d\u2019un stock important qui nous permet d\u2019intervenir rapidement pour que vous ne subissiez aucune interruption.<\/p>\n\n\n\n<h2 class=\"wp-block-heading\"><strong><mark style=\"background-color:rgba(0, 0, 0, 0)\" class=\"has-inline-color has-luminous-vivid-orange-color\">Contactez-nous<\/mark><\/strong><\/h2>\n\n\n\n<div class=\"wp-block-contact-form-7-contact-form-selector\">\n<div class=\"wpcf7 no-js\" id=\"wpcf7-f134-o1\" lang=\"fr-FR\" dir=\"ltr\" data-wpcf7-id=\"134\">\n<div class=\"screen-reader-response\"><p role=\"status\" aria-live=\"polite\" aria-atomic=\"true\"><\/p> <ul><\/ul><\/div>\n<form action=\"\/index.php\/wp-json\/wp\/v2\/pages\/2090#wpcf7-f134-o1\" method=\"post\" class=\"wpcf7-form init\" aria-label=\"Formulaire de contact\" novalidate=\"novalidate\" data-status=\"init\">\n<fieldset class=\"hidden-fields-container\"><input type=\"hidden\" name=\"_wpcf7\" value=\"134\" \/><input type=\"hidden\" name=\"_wpcf7_version\" value=\"6.1.5\" \/><input type=\"hidden\" name=\"_wpcf7_locale\" value=\"fr_FR\" \/><input type=\"hidden\" name=\"_wpcf7_unit_tag\" value=\"wpcf7-f134-o1\" \/><input type=\"hidden\" name=\"_wpcf7_container_post\" value=\"0\" \/><input type=\"hidden\" name=\"_wpcf7_posted_data_hash\" value=\"\" \/>\n<\/fieldset>\n<p><label> Votre nom (obligatoire)<br \/>\n<span class=\"wpcf7-form-control-wrap\" data-name=\"your-name\"><input size=\"40\" maxlength=\"400\" class=\"wpcf7-form-control wpcf7-text wpcf7-validates-as-required\" aria-required=\"true\" aria-invalid=\"false\" value=\"\" type=\"text\" name=\"your-name\" \/><\/span> <\/label>\n<\/p>\n<p><label> Nom de votre soci\u00e9t\u00e9 (recommand\u00e9)<br \/>\n<span class=\"wpcf7-form-control-wrap\" data-name=\"your-society\"><input size=\"40\" maxlength=\"400\" class=\"wpcf7-form-control wpcf7-text\" aria-invalid=\"false\" value=\"\" type=\"text\" name=\"your-society\" \/><\/span> <\/label>\n<\/p>\n<p><label> Num\u00e9ro de t\u00e9l\u00e9phone (recommand\u00e9)<br \/>\n<span class=\"wpcf7-form-control-wrap\" data-name=\"your-phone\"><input size=\"40\" maxlength=\"400\" class=\"wpcf7-form-control wpcf7-tel wpcf7-text wpcf7-validates-as-tel\" aria-invalid=\"false\" value=\"\" type=\"tel\" name=\"your-phone\" \/><\/span> <\/label>\n<\/p>\n<p><label> Votre e-mail (obligatoire)<br \/>\n<span class=\"wpcf7-form-control-wrap\" data-name=\"your-email\"><input size=\"40\" maxlength=\"400\" class=\"wpcf7-form-control wpcf7-email wpcf7-validates-as-required wpcf7-text wpcf7-validates-as-email\" aria-required=\"true\" aria-invalid=\"false\" value=\"\" type=\"email\" name=\"your-email\" \/><\/span> <\/label>\n<\/p>\n<p><label> S\u00e9lectionnez un sujet (obligatoire)<br \/>\n<span class=\"wpcf7-form-control-wrap\" data-name=\"your-subject\"><select class=\"wpcf7-form-control wpcf7-select wpcf7-validates-as-required\" aria-required=\"true\" aria-invalid=\"false\" name=\"your-subject\"><option value=\"Information\">Information<\/option><option value=\"Devis\">Devis<\/option><option value=\"Location\">Location<\/option><option value=\"Achat\">Achat<\/option><\/select><\/span> <\/label>\n<\/p>\n<p><label> Votre message (obligatoire)<br \/>\n<span class=\"wpcf7-form-control-wrap\" data-name=\"your-message\"><textarea cols=\"40\" rows=\"10\" maxlength=\"2000\" class=\"wpcf7-form-control wpcf7-textarea wpcf7-validates-as-required\" aria-required=\"true\" aria-invalid=\"false\" name=\"your-message\"><\/textarea><\/span> <\/label>\n<\/p>\n<p><input type=\"hidden\" name=\"_wpcf7_captcha_challenge_captcha-1\" value=\"4089642356\" \/><img data-opt-id=268995214  fetchpriority=\"high\" decoding=\"async\" class=\"wpcf7-form-control wpcf7-captchac wpcf7-captcha-captcha-1\" width=\"72\" height=\"24\" alt=\"captcha\" src=\"https:\/\/mlpbnbifhtdl.i.optimole.com\/cb:Cy3u.b2dd\/w:auto\/h:auto\/q:mauto\/g:sm\/f:best\/https:\/\/dcievent.com\/wp-content\/uploads\/wpcf7_captcha\/4089642356.png\" \/><span class=\"wpcf7-form-control-wrap\" data-name=\"captcha-1\"><input size=\"40\" class=\"wpcf7-form-control wpcf7-captchar\" autocomplete=\"off\" aria-invalid=\"false\" value=\"\" type=\"text\" name=\"captcha-1\" \/><\/span>\n<\/p>\n<p><input class=\"wpcf7-form-control wpcf7-submit has-spinner\" type=\"submit\" value=\"Envoyer\" \/>\n<\/p><div class=\"wpcf7-response-output\" aria-hidden=\"true\"><\/div>\n<\/form>\n<\/div>\n<\/div>\n","protected":false},"excerpt":{"rendered":"<p>Int\u00e9grateur audiovisuel : votre partenaire en solutions audiovisuelles cl\u00e9s en main Vous cherchez un int\u00e9grateur audiovisuel pour vos projets ? Chez DCI Event, nous transformons vos espaces gr\u00e2ce \u00e0 une &#8230;<\/p>\n","protected":false},"author":1,"featured_media":0,"parent":0,"menu_order":0,"comment_status":"closed","ping_status":"closed","template":"template-fullwidth.php","meta":{"footnotes":""},"class_list":["post-2090","page","type-page","status-publish","hentry"],"yoast_head":"<!-- This site is optimized with the Yoast SEO plugin v27.4 - https:\/\/yoast.com\/product\/yoast-seo-wordpress\/ -->\n<title>Vente &amp; int\u00e9gration audiovisuelle audiovisuelle sur-mesure - DCI event<\/title>\n<meta name=\"description\" content=\"Int\u00e9grateur audiovisuel, nous vous proposons installation, formation et SAV pour des solutions audiovisuelles et multim\u00e9dias sur-mesure adapt\u00e9es \u00e0 vos espaces professionnels.\" \/>\n<meta name=\"robots\" content=\"index, follow, max-snippet:-1, max-image-preview:large, max-video-preview:-1\" \/>\n<link rel=\"canonical\" href=\"https:\/\/dcievent.com\/index.php\/integration\/\" \/>\n<meta property=\"og:locale\" content=\"fr_FR\" \/>\n<meta property=\"og:type\" content=\"article\" \/>\n<meta property=\"og:title\" content=\"Vente &amp; int\u00e9gration audiovisuelle audiovisuelle sur-mesure - DCI event\" \/>\n<meta property=\"og:description\" content=\"Int\u00e9grateur audiovisuel, nous vous proposons installation, formation et SAV pour des solutions audiovisuelles et multim\u00e9dias sur-mesure adapt\u00e9es \u00e0 vos espaces professionnels.\" \/>\n<meta property=\"og:url\" content=\"https:\/\/dcievent.com\/index.php\/integration\/\" \/>\n<meta property=\"og:site_name\" content=\"DCI Event - Prestataire Technique Audiovisuel\" \/>\n<meta property=\"article:publisher\" content=\"http:\/\/www.facebook.com\/dcievent\" \/>\n<meta property=\"article:modified_time\" content=\"2024-10-17T12:49:05+00:00\" \/>\n<meta property=\"og:image\" content=\"https:\/\/mlpbnbifhtdl.i.optimole.com\/cb:Cy3u.b2dd\/w:auto\/h:auto\/q:mauto\/g:sm\/f:best\/https:\/\/dcievent.com\/wp-content\/uploads\/2016\/11\/logo-dci-event-carre-blanc.png\" \/>\n\t<meta property=\"og:image:width\" content=\"1071\" \/>\n\t<meta property=\"og:image:height\" content=\"1080\" \/>\n\t<meta property=\"og:image:type\" content=\"image\/png\" \/>\n<meta name=\"twitter:card\" content=\"summary_large_image\" \/>\n<meta name=\"twitter:label1\" content=\"Dur\u00e9e de lecture estim\u00e9e\" \/>\n\t<meta name=\"twitter:data1\" content=\"3 minutes\" \/>\n<script type=\"application\/ld+json\" class=\"yoast-schema-graph\">{\"@context\":\"https:\\\/\\\/schema.org\",\"@graph\":[{\"@type\":\"WebPage\",\"@id\":\"https:\\\/\\\/dcievent.com\\\/index.php\\\/integration\\\/\",\"url\":\"https:\\\/\\\/dcievent.com\\\/index.php\\\/integration\\\/\",\"name\":\"Vente &amp; int\u00e9gration audiovisuelle audiovisuelle sur-mesure - DCI event\",\"isPartOf\":{\"@id\":\"https:\\\/\\\/dcievent.com\\\/#website\"},\"datePublished\":\"2019-12-20T10:31:02+00:00\",\"dateModified\":\"2024-10-17T12:49:05+00:00\",\"description\":\"Int\u00e9grateur audiovisuel, nous vous proposons installation, formation et SAV pour des solutions audiovisuelles et multim\u00e9dias sur-mesure adapt\u00e9es \u00e0 vos espaces professionnels.\",\"breadcrumb\":{\"@id\":\"https:\\\/\\\/dcievent.com\\\/index.php\\\/integration\\\/#breadcrumb\"},\"inLanguage\":\"fr-FR\",\"potentialAction\":[{\"@type\":\"ReadAction\",\"target\":[\"https:\\\/\\\/dcievent.com\\\/index.php\\\/integration\\\/\"]}]},{\"@type\":\"BreadcrumbList\",\"@id\":\"https:\\\/\\\/dcievent.com\\\/index.php\\\/integration\\\/#breadcrumb\",\"itemListElement\":[{\"@type\":\"ListItem\",\"position\":1,\"name\":\"Accueil\",\"item\":\"https:\\\/\\\/dcievent.com\\\/\"},{\"@type\":\"ListItem\",\"position\":2,\"name\":\"Vente &amp; int\u00e9gration audiovisuelle\"}]},{\"@type\":\"WebSite\",\"@id\":\"https:\\\/\\\/dcievent.com\\\/#website\",\"url\":\"https:\\\/\\\/dcievent.com\\\/\",\"name\":\"DCI Event\",\"description\":\"Location sonorisation, int\u00e9grateur audiovisuel, r\u00e9gie technique de spectacle\",\"publisher\":{\"@id\":\"https:\\\/\\\/dcievent.com\\\/#organization\"},\"potentialAction\":[{\"@type\":\"SearchAction\",\"target\":{\"@type\":\"EntryPoint\",\"urlTemplate\":\"https:\\\/\\\/dcievent.com\\\/?s={search_term_string}\"},\"query-input\":{\"@type\":\"PropertyValueSpecification\",\"valueRequired\":true,\"valueName\":\"search_term_string\"}}],\"inLanguage\":\"fr-FR\"},{\"@type\":\"Organization\",\"@id\":\"https:\\\/\\\/dcievent.com\\\/#organization\",\"name\":\"DCI event\",\"url\":\"https:\\\/\\\/dcievent.com\\\/\",\"logo\":{\"@type\":\"ImageObject\",\"inLanguage\":\"fr-FR\",\"@id\":\"https:\\\/\\\/dcievent.com\\\/#\\\/schema\\\/logo\\\/image\\\/\",\"url\":\"https:\\/\\/dcievent.com\\/wp-content\\/uploads\\/2024\\/01\\/cropped-cropped-DCI_LogoEvent_CMJN_HD-scaled-1.jpg\",\"contentUrl\":\"https:\\/\\/dcievent.com\\/wp-content\\/uploads\\/2024\\/01\\/cropped-cropped-DCI_LogoEvent_CMJN_HD-scaled-1.jpg\",\"width\":512,\"height\":512,\"caption\":\"DCI event\"},\"image\":{\"@id\":\"https:\\\/\\\/dcievent.com\\\/#\\\/schema\\\/logo\\\/image\\\/\"},\"sameAs\":[\"http:\\\/\\\/www.facebook.com\\\/dcievent\",\"http:\\\/\\\/www.instagram.com\\\/dcievent\"]}]}<\/script>\n<!-- \/ Yoast SEO plugin. -->","yoast_head_json":{"title":"Vente &amp; int\u00e9gration audiovisuelle audiovisuelle sur-mesure - DCI event","description":"Int\u00e9grateur audiovisuel, nous vous proposons installation, formation et SAV pour des solutions audiovisuelles et multim\u00e9dias sur-mesure adapt\u00e9es \u00e0 vos espaces professionnels.","robots":{"index":"index","follow":"follow","max-snippet":"max-snippet:-1","max-image-preview":"max-image-preview:large","max-video-preview":"max-video-preview:-1"},"canonical":"https:\/\/dcievent.com\/index.php\/integration\/","og_locale":"fr_FR","og_type":"article","og_title":"Vente &amp; int\u00e9gration audiovisuelle audiovisuelle sur-mesure - DCI event","og_description":"Int\u00e9grateur audiovisuel, nous vous proposons installation, formation et SAV pour des solutions audiovisuelles et multim\u00e9dias sur-mesure adapt\u00e9es \u00e0 vos espaces professionnels.","og_url":"https:\/\/dcievent.com\/index.php\/integration\/","og_site_name":"DCI Event - Prestataire Technique Audiovisuel","article_publisher":"http:\/\/www.facebook.com\/dcievent","article_modified_time":"2024-10-17T12:49:05+00:00","og_image":[{"width":1071,"height":1080,"url":"https:\/\/mlpbnbifhtdl.i.optimole.com\/cb:Cy3u.b2dd\/w:auto\/h:auto\/q:mauto\/g:sm\/f:best\/https:\/\/dcievent.com\/wp-content\/uploads\/2016\/11\/logo-dci-event-carre-blanc.png","type":"image\/png"}],"twitter_card":"summary_large_image","twitter_misc":{"Dur\u00e9e de lecture estim\u00e9e":"3 minutes"},"schema":{"@context":"https:\/\/schema.org","@graph":[{"@type":"WebPage","@id":"https:\/\/dcievent.com\/index.php\/integration\/","url":"https:\/\/dcievent.com\/index.php\/integration\/","name":"Vente &amp; int\u00e9gration audiovisuelle audiovisuelle sur-mesure - DCI event","isPartOf":{"@id":"https:\/\/dcievent.com\/#website"},"datePublished":"2019-12-20T10:31:02+00:00","dateModified":"2024-10-17T12:49:05+00:00","description":"Int\u00e9grateur audiovisuel, nous vous proposons installation, formation et SAV pour des solutions audiovisuelles et multim\u00e9dias sur-mesure adapt\u00e9es \u00e0 vos espaces professionnels.","breadcrumb":{"@id":"https:\/\/dcievent.com\/index.php\/integration\/#breadcrumb"},"inLanguage":"fr-FR","potentialAction":[{"@type":"ReadAction","target":["https:\/\/dcievent.com\/index.php\/integration\/"]}]},{"@type":"BreadcrumbList","@id":"https:\/\/dcievent.com\/index.php\/integration\/#breadcrumb","itemListElement":[{"@type":"ListItem","position":1,"name":"Accueil","item":"https:\/\/dcievent.com\/"},{"@type":"ListItem","position":2,"name":"Vente &amp; int\u00e9gration audiovisuelle"}]},{"@type":"WebSite","@id":"https:\/\/dcievent.com\/#website","url":"https:\/\/dcievent.com\/","name":"DCI Event","description":"Location sonorisation, int\u00e9grateur audiovisuel, r\u00e9gie technique de spectacle","publisher":{"@id":"https:\/\/dcievent.com\/#organization"},"potentialAction":[{"@type":"SearchAction","target":{"@type":"EntryPoint","urlTemplate":"https:\/\/dcievent.com\/?s={search_term_string}"},"query-input":{"@type":"PropertyValueSpecification","valueRequired":true,"valueName":"search_term_string"}}],"inLanguage":"fr-FR"},{"@type":"Organization","@id":"https:\/\/dcievent.com\/#organization","name":"DCI event","url":"https:\/\/dcievent.com\/","logo":{"@type":"ImageObject","inLanguage":"fr-FR","@id":"https:\/\/dcievent.com\/#\/schema\/logo\/image\/","url":"https:\/\/mlpbnbifhtdl.i.optimole.com\/cb:Cy3u.b2dd\/w:auto\/h:auto\/q:mauto\/g:sm\/f:best\/https:\/\/dcievent.com\/wp-content\/uploads\/2024\/01\/cropped-cropped-DCI_LogoEvent_CMJN_HD-scaled-1.jpg","contentUrl":"https:\/\/mlpbnbifhtdl.i.optimole.com\/cb:Cy3u.b2dd\/w:auto\/h:auto\/q:mauto\/g:sm\/f:best\/https:\/\/dcievent.com\/wp-content\/uploads\/2024\/01\/cropped-cropped-DCI_LogoEvent_CMJN_HD-scaled-1.jpg","width":512,"height":512,"caption":"DCI event"},"image":{"@id":"https:\/\/dcievent.com\/#\/schema\/logo\/image\/"},"sameAs":["http:\/\/www.facebook.com\/dcievent","http:\/\/www.instagram.com\/dcievent"]}]}},"_links":{"self":[{"href":"https:\/\/dcievent.com\/index.php\/wp-json\/wp\/v2\/pages\/2090","targetHints":{"allow":["GET"]}}],"collection":[{"href":"https:\/\/dcievent.com\/index.php\/wp-json\/wp\/v2\/pages"}],"about":[{"href":"https:\/\/dcievent.com\/index.php\/wp-json\/wp\/v2\/types\/page"}],"author":[{"embeddable":true,"href":"https:\/\/dcievent.com\/index.php\/wp-json\/wp\/v2\/users\/1"}],"replies":[{"embeddable":true,"href":"https:\/\/dcievent.com\/index.php\/wp-json\/wp\/v2\/comments?post=2090"}],"version-history":[{"count":8,"href":"https:\/\/dcievent.com\/index.php\/wp-json\/wp\/v2\/pages\/2090\/revisions"}],"predecessor-version":[{"id":2962,"href":"https:\/\/dcievent.com\/index.php\/wp-json\/wp\/v2\/pages\/2090\/revisions\/2962"}],"wp:attachment":[{"href":"https:\/\/dcievent.com\/index.php\/wp-json\/wp\/v2\/media?parent=2090"}],"curies":[{"name":"wp","href":"https:\/\/api.w.org\/{rel}","templated":true}]}}