{"id":2087,"date":"2019-12-20T11:24:03","date_gmt":"2019-12-20T10:24:03","guid":{"rendered":"http:\/\/dcievent.com\/?page_id=2087"},"modified":"2024-11-25T15:09:38","modified_gmt":"2024-11-25T14:09:38","slug":"location","status":"publish","type":"page","link":"https:\/\/dcievent.com\/index.php\/location\/","title":{"rendered":"Location de mat\u00e9riel audiovisuel"},"content":{"rendered":"\n<h1 class=\"wp-block-heading\"><span style=\"font-weight: 400;\"><strong>Location de mat\u00e9riel audiovisuel<\/strong><\/span><\/h1>\n\n\n\n<p><span style=\"font-weight: 400;\">Que vous organisiez un festival, un mariage, un concert, un anniversaire ou autre, louez-nous l&#8217;\u00e9quipement qu&#8217;il vous faut pour assurer votre \u00e9v\u00e9nement.<\/span><\/p>\n\n\n\n<p><span style=\"font-weight: 400;\">Bas\u00e9 dans le pays Basque \u00e0 <\/span><b>Itxassou<\/b><span style=\"font-weight: 400;\">, nous pouvons livrer le mat\u00e9riel partout en France.<\/span><\/p>\n\n\n\n<p><\/p>\n\n\n\n<h2 class=\"wp-block-heading has-medium-font-size\"><span style=\"font-weight: 400;\"><mark style=\"background-color:rgba(0, 0, 0, 0)\" class=\"has-inline-color has-luminous-vivid-orange-color\"><strong>Pourquoi choisir notre service de location ?<\/strong><\/mark><\/span><\/h2>\n\n\n\n<p><span style=\"font-weight: 400;\"><strong>Qualit\u00e9 sup\u00e9rieure :<\/strong> Nous offrons des \u00e9quipements pro et r\u00e9cents pour vous garantir la meilleure qualit\u00e9. Tout notre mat\u00e9riel est r\u00e9guli\u00e8rement r\u00e9vis\u00e9 et nettoy\u00e9 apr\u00e8s chaque location.<\/span><\/p>\n\n\n\n<p><span style=\"font-weight: 400;\"><strong>Tarif &amp; prix comp\u00e9titifs :<\/strong> Nos offres de <strong>location sono<\/strong> sont con\u00e7ues pour s&#8217;adapter \u00e0 tous les budgets, sans compromis sur la qualit\u00e9. Nous proposons des packs g\u00e9n\u00e9riques \u00e0 des prix d\u00e9gressifs suivant la quantit\u00e9 command\u00e9e<\/span> (section <a href=\"https:\/\/dcievent.com\/index.php\/catalogues\/\">catalogue <\/a>du site).<\/p>\n\n\n\n<p><span style=\"font-weight: 400;\"><strong>Facilit\u00e9 de r\u00e9servation :<\/strong> Obtenez votre devis en quelques minutes directement depuis notre formulaire de contact et b\u00e9n\u00e9ficiez d&#8217;un service rapide et fiable.<\/span><\/p>\n\n\n\n<p><span style=\"font-weight: 400;\"><strong>Support Technique :<\/strong> Profitez d&#8217;une assistance technique professionnelle pour l&#8217;installation et l&#8217;utilisation de notre mat\u00e9riel.<\/span><\/p>\n\n\n\n<p>&nbsp;<\/p>\n\n\n\n<h2 class=\"wp-block-heading has-medium-font-size\"><span style=\"font-weight: 400;\"><mark style=\"background-color:rgba(0, 0, 0, 0)\" class=\"has-inline-color has-luminous-vivid-orange-color\"><strong>Notre offre de mat\u00e9riel sono, lumi\u00e8re et vid\u00e9o<\/strong><\/mark><\/span><\/h2>\n\n\n\n<div class=\"wp-block-columns is-layout-flex wp-container-core-columns-is-layout-9d6595d7 wp-block-columns-is-layout-flex\">\n<div class=\"wp-block-column is-layout-flow wp-block-column-is-layout-flow\">\n<h3 class=\"wp-block-heading\">Location sono<\/h3>\n\n\n\n<p>&#8211; Syst\u00e8mes de sonorisation complets pour tout type d&#8217;\u00e9v\u00e9nement<\/p>\n\n\n\n<p>&#8211; <strong>Enceintes <\/strong>actives et passives de haute performance<\/p>\n\n\n\n<p>&#8211; <strong>Tables de mixage<\/strong>, micros, et accessoires divers<\/p>\n\n\n\n<p><em>Nos marques : Yamaha, Sennheiser, Shure<\/em>, &#8230;<\/p>\n<\/div>\n\n\n\n<div class=\"wp-block-column is-layout-flow wp-block-column-is-layout-flow\"><div class=\"wp-block-image\">\n<figure class=\"aligncenter size-full is-resized\"><img data-opt-id=1292795917  fetchpriority=\"high\" decoding=\"async\" width=\"1920\" height=\"1080\" src=\"https:\/\/mlpbnbifhtdl.i.optimole.com\/cb:Cy3u.b2dd\/w:auto\/h:auto\/q:mauto\/g:sm\/f:best\/https:\/\/dcievent.com\/wp-content\/uploads\/2024\/08\/location-sonorisation-enceintes-micros-pupitre-hf-systeme-son-DCI-event.png\" alt=\"\" class=\"wp-image-2886\" style=\"width:320px\" srcset=\"https:\/\/mlpbnbifhtdl.i.optimole.com\/cb:Cy3u.b2dd\/w:1920\/h:1080\/q:mauto\/g:sm\/f:best\/https:\/\/dcievent.com\/wp-content\/uploads\/2024\/08\/location-sonorisation-enceintes-micros-pupitre-hf-systeme-son-DCI-event.png 1920w, https:\/\/mlpbnbifhtdl.i.optimole.com\/cb:Cy3u.b2dd\/w:300\/h:169\/q:mauto\/g:sm\/f:best\/https:\/\/dcievent.com\/wp-content\/uploads\/2024\/08\/location-sonorisation-enceintes-micros-pupitre-hf-systeme-son-DCI-event.png 300w, https:\/\/mlpbnbifhtdl.i.optimole.com\/cb:Cy3u.b2dd\/w:1024\/h:576\/q:mauto\/g:sm\/f:best\/https:\/\/dcievent.com\/wp-content\/uploads\/2024\/08\/location-sonorisation-enceintes-micros-pupitre-hf-systeme-son-DCI-event.png 1024w, https:\/\/mlpbnbifhtdl.i.optimole.com\/cb:Cy3u.b2dd\/w:768\/h:432\/q:mauto\/g:sm\/f:best\/https:\/\/dcievent.com\/wp-content\/uploads\/2024\/08\/location-sonorisation-enceintes-micros-pupitre-hf-systeme-son-DCI-event.png 768w, https:\/\/mlpbnbifhtdl.i.optimole.com\/cb:Cy3u.b2dd\/w:1536\/h:864\/q:mauto\/g:sm\/f:best\/https:\/\/dcievent.com\/wp-content\/uploads\/2024\/08\/location-sonorisation-enceintes-micros-pupitre-hf-systeme-son-DCI-event.png 1536w\" sizes=\"(max-width: 800px) 100vw, 800px\" \/><\/figure><\/div><\/div>\n<\/div>\n\n\n\n<div class=\"wp-block-columns is-layout-flex wp-container-core-columns-is-layout-9d6595d7 wp-block-columns-is-layout-flex\">\n<div class=\"wp-block-column is-layout-flow wp-block-column-is-layout-flow\">\n<h3 class=\"wp-block-heading\">Location lumi\u00e8re<\/h3>\n\n\n\n<p>&#8211; <strong>Jeux de lumi\u00e8res<\/strong>, effets lumineux LED, stroboscopes, et machines \u00e0 fum\u00e9e<\/p>\n\n\n\n<p>&#8211; Projecteurs et \u00e9clairages pour sc\u00e8ne et piste de danse<\/p>\n\n\n\n<p>&#8211; \u00c9clairage architectural et projecteurs sur batterie<\/p>\n\n\n\n<p><em>Nos marques : Chauvet, Nicols<\/em>, &#8230;<\/p>\n<\/div>\n\n\n\n<div class=\"wp-block-column is-layout-flow wp-block-column-is-layout-flow\"><div class=\"wp-block-image\">\n<figure class=\"aligncenter size-full is-resized\"><img data-opt-id=2004477685  data-opt-src=\"https:\/\/mlpbnbifhtdl.i.optimole.com\/cb:Cy3u.b2dd\/w:auto\/h:auto\/q:mauto\/g:sm\/f:best\/https:\/\/dcievent.com\/wp-content\/uploads\/2024\/08\/location-jeu-de-lumiere-eclairage-effet-LED-DCI-event.png\"  decoding=\"async\" width=\"1920\" height=\"1080\" src=\"data:image/svg+xml,%3Csvg%20viewBox%3D%220%200%20100%%20100%%22%20width%3D%22100%%22%20height%3D%22100%%22%20xmlns%3D%22http%3A%2F%2Fwww.w3.org%2F2000%2Fsvg%22%3E%3Crect%20width%3D%22100%%22%20height%3D%22100%%22%20fill%3D%22transparent%22%2F%3E%3C%2Fsvg%3E\" alt=\"\u00e9clairage, jeu de lumi\u00e8re laser, mise en lumi\u00e8re b\u00e2timent, LED autonome sur batterie DCI event \" class=\"wp-image-2883\" style=\"width:320px\" old-srcset=\"https:\/\/mlpbnbifhtdl.i.optimole.com\/cb:Cy3u.b2dd\/w:1920\/h:1080\/q:mauto\/g:sm\/f:best\/https:\/\/dcievent.com\/wp-content\/uploads\/2024\/08\/location-jeu-de-lumiere-eclairage-effet-LED-DCI-event.png 1920w, https:\/\/mlpbnbifhtdl.i.optimole.com\/cb:Cy3u.b2dd\/w:300\/h:169\/q:mauto\/g:sm\/f:best\/https:\/\/dcievent.com\/wp-content\/uploads\/2024\/08\/location-jeu-de-lumiere-eclairage-effet-LED-DCI-event.png 300w, https:\/\/mlpbnbifhtdl.i.optimole.com\/cb:Cy3u.b2dd\/w:1024\/h:576\/q:mauto\/g:sm\/f:best\/https:\/\/dcievent.com\/wp-content\/uploads\/2024\/08\/location-jeu-de-lumiere-eclairage-effet-LED-DCI-event.png 1024w, https:\/\/mlpbnbifhtdl.i.optimole.com\/cb:Cy3u.b2dd\/w:768\/h:432\/q:mauto\/g:sm\/f:best\/https:\/\/dcievent.com\/wp-content\/uploads\/2024\/08\/location-jeu-de-lumiere-eclairage-effet-LED-DCI-event.png 768w, https:\/\/mlpbnbifhtdl.i.optimole.com\/cb:Cy3u.b2dd\/w:1536\/h:864\/q:mauto\/g:sm\/f:best\/https:\/\/dcievent.com\/wp-content\/uploads\/2024\/08\/location-jeu-de-lumiere-eclairage-effet-LED-DCI-event.png 1536w\" \/><\/figure><\/div><\/div>\n<\/div>\n\n\n\n<div class=\"wp-block-columns is-layout-flex wp-container-core-columns-is-layout-9d6595d7 wp-block-columns-is-layout-flex\">\n<div class=\"wp-block-column is-layout-flow wp-block-column-is-layout-flow\">\n<h3 class=\"wp-block-heading\">Location vid\u00e9o<\/h3>\n\n\n\n<p>&#8211; Location \u00e9crans plein jour et <strong>t\u00e9l\u00e9s<\/strong> pour la rediffusion d\u2019\u00e9v\u00e8nements<\/p>\n\n\n\n<p>&#8211; Location <strong>vid\u00e9oprojecteur <\/strong>de 4000 \u00e0 16000 lumens\u00a0<\/p>\n\n\n\n<p>&#8211; Location r\u00e9gie vid\u00e9o et cam\u00e9ras pour captation streaming<\/p>\n\n\n\n<p><em>Nos marques : Benq<\/em>,<em> Panasonic<\/em>, &#8230;<\/p>\n\n\n\n<p><\/p>\n<\/div>\n\n\n\n<div class=\"wp-block-column is-layout-flow wp-block-column-is-layout-flow\"><div class=\"wp-block-image\">\n<figure class=\"aligncenter size-large is-resized\"><img data-opt-id=1706572185  data-opt-src=\"https:\/\/mlpbnbifhtdl.i.optimole.com\/cb:Cy3u.b2dd\/w:1024\/h:576\/q:mauto\/g:sm\/f:best\/https:\/\/dcievent.com\/wp-content\/uploads\/2024\/08\/location-tele-ecran-plat-video-projecteur-ecran-LED-plein-jour-DCI-event.png\"  decoding=\"async\" width=\"1024\" height=\"576\" src=\"data:image/svg+xml,%3Csvg%20viewBox%3D%220%200%201024%20576%22%20width%3D%221024%22%20height%3D%22576%22%20xmlns%3D%22http%3A%2F%2Fwww.w3.org%2F2000%2Fsvg%22%3E%3Crect%20width%3D%221024%22%20height%3D%22576%22%20fill%3D%22transparent%22%2F%3E%3C%2Fsvg%3E\" alt=\"location t\u00e9l\u00e9 \u00e9cran plat video projecteur ecran LED plein jour DCI event\" class=\"wp-image-2885\" style=\"width:320px\" old-srcset=\"https:\/\/mlpbnbifhtdl.i.optimole.com\/cb:Cy3u.b2dd\/w:1024\/h:576\/q:mauto\/g:sm\/f:best\/https:\/\/dcievent.com\/wp-content\/uploads\/2024\/08\/location-tele-ecran-plat-video-projecteur-ecran-LED-plein-jour-DCI-event.png 1024w, https:\/\/mlpbnbifhtdl.i.optimole.com\/cb:Cy3u.b2dd\/w:300\/h:169\/q:mauto\/g:sm\/f:best\/https:\/\/dcievent.com\/wp-content\/uploads\/2024\/08\/location-tele-ecran-plat-video-projecteur-ecran-LED-plein-jour-DCI-event.png 300w, https:\/\/mlpbnbifhtdl.i.optimole.com\/cb:Cy3u.b2dd\/w:768\/h:432\/q:mauto\/g:sm\/f:best\/https:\/\/dcievent.com\/wp-content\/uploads\/2024\/08\/location-tele-ecran-plat-video-projecteur-ecran-LED-plein-jour-DCI-event.png 768w, https:\/\/mlpbnbifhtdl.i.optimole.com\/cb:Cy3u.b2dd\/w:1536\/h:864\/q:mauto\/g:sm\/f:best\/https:\/\/dcievent.com\/wp-content\/uploads\/2024\/08\/location-tele-ecran-plat-video-projecteur-ecran-LED-plein-jour-DCI-event.png 1536w, https:\/\/mlpbnbifhtdl.i.optimole.com\/cb:Cy3u.b2dd\/w:1920\/h:1080\/q:mauto\/g:sm\/f:best\/https:\/\/dcievent.com\/wp-content\/uploads\/2024\/08\/location-tele-ecran-plat-video-projecteur-ecran-LED-plein-jour-DCI-event.png 1920w\" \/><\/figure><\/div><\/div>\n<\/div>\n\n\n\n<h2 class=\"wp-block-heading has-medium-font-size\"><span style=\"font-weight: 400;\"><mark style=\"background-color:rgba(0, 0, 0, 0)\" class=\"has-inline-color has-luminous-vivid-orange-color\"><strong>Notre catalogue audiovisuel et nos tarifs en ligne<\/strong><\/mark><\/span><\/h2>\n\n\n\n<p>Pour les particuliers, il est possible de profiter de packs pr\u00e9d\u00e9finis comme notre <a href=\"https:\/\/dcievent.com\/wp-content\/uploads\/2024\/03\/brochure-location-pack-sonorisation-lumiere-soiree-DCI-event-2024.pdf\">pack soir\u00e9es<\/a> (<strong>pack sonorisation<\/strong>, pack lumi\u00e8re, pack vid\u00e9o\u2026). <\/p>\n\n\n\n<p>Pour les professionnels et particuliers, nos <a href=\"https:\/\/dcievent.com\/index.php\/catalogues\/\">catalogues<\/a> sont \u00e0 votre disposition en t\u00e9l\u00e9chargement libre. En fonction de votre commande et de la quantit\u00e9 d\u2019articles, vous obtiendrez un tarif adapt\u00e9.<\/p>\n\n\n\n<p class=\"has-small-font-size\"><em><strong>Des mises \u00e0 jour r\u00e9guli\u00e8res sont faites sur nos catalogues. Certains articles peuvent ne pas \u00eatre pr\u00e9sent\u00e9s au moment de votre visite. N\u2019h\u00e9sitez pas \u00e0 nous contacter pour obtenir la liste compl\u00e8te et d\u00e9taill\u00e9e.<\/strong><\/em><\/p>\n\n\n\n<p><\/p>\n\n\n\n<p><\/p>\n\n\n\n<h2 class=\"wp-block-heading has-medium-font-size\"><span style=\"font-weight: 400;\"><mark style=\"background-color:rgba(0, 0, 0, 0)\" class=\"has-inline-color has-luminous-vivid-orange-color\"><strong>Comment fonctionne la location de mat\u00e9riel audiovisuel ?<\/strong><\/mark><\/span><\/h2>\n\n\n\n<ol class=\"wp-block-list\">\n<li>Contactez-nous via le <a href=\"https:\/\/dcievent.com\/index.php\/contact\/\">formulaire de contact<\/a> du site ou en nous appelant directement au 05 59 93 10 50.<\/li>\n\n\n\n<li>Nous vous r\u00e9pondrons au maximum dans les 48 heures suivantes avec une proposition d\u00e9taill\u00e9e.<\/li>\n\n\n\n<li><strong>Livraison et installation<\/strong> : c\u2019est vous qui choisissez ! Il est possible de retirer le mat\u00e9riel \u00e0 nos locaux \u00e0 <strong>Itxassou (64)<\/strong> avec une fiche d\u2019installation ou de nous d\u00e9l\u00e9guer enti\u00e8rement la livraison et\/ou l\u2019installation.<\/li>\n\n\n\n<li>Paiement et caution : le r\u00e8glement est effectu\u00e9 \u00e0 l\u2019enl\u00e8vement du mat\u00e9riel. Il vous sera demand\u00e9 un ch\u00e8que de caution (non encaiss\u00e9) proportionnel \u00e0 la valeur et sensibilit\u00e9 du mat\u00e9riel.<\/li>\n\n\n\n<li>Pendant votre \u00e9v\u00e8nement : vous b\u00e9n\u00e9ficiez d\u2019un <strong>support technique<\/strong> durant toute votre location.<\/li>\n<\/ol>\n\n\n\n<p><\/p>\n","protected":false},"excerpt":{"rendered":"<p>Location de mat\u00e9riel audiovisuel Que vous organisiez un festival, un mariage, un concert, un anniversaire ou autre, louez-nous l&#8217;\u00e9quipement qu&#8217;il vous faut pour assurer votre \u00e9v\u00e9nement. Bas\u00e9 dans le pays &#8230;<\/p>\n","protected":false},"author":1,"featured_media":0,"parent":0,"menu_order":0,"comment_status":"closed","ping_status":"closed","template":"template-fullwidth.php","meta":{"footnotes":""},"class_list":["post-2087","page","type-page","status-publish","hentry"],"yoast_head":"<!-- This site is optimized with the Yoast SEO plugin v27.5 - https:\/\/yoast.com\/product\/yoast-seo-wordpress\/ -->\n<title>Location de mat\u00e9riel sonorisation, lumi\u00e8re, vid\u00e9o - DCI event<\/title>\n<meta name=\"description\" content=\"D\u00e9couvrez nos packs et notre gamme compl\u00e8te de mat\u00e9riel audiovisuel : location syst\u00e8me de sonorisation, jeux de lumi\u00e8res, vid\u00e9oprojecteur\u2026\" \/>\n<meta name=\"robots\" content=\"index, follow, max-snippet:-1, max-image-preview:large, max-video-preview:-1\" \/>\n<link rel=\"canonical\" href=\"https:\/\/dcievent.com\/index.php\/location\/\" \/>\n<meta property=\"og:locale\" content=\"fr_FR\" \/>\n<meta property=\"og:type\" content=\"article\" \/>\n<meta property=\"og:title\" content=\"Location de mat\u00e9riel sonorisation, lumi\u00e8re, vid\u00e9o - DCI event\" \/>\n<meta property=\"og:description\" content=\"D\u00e9couvrez nos packs et notre gamme compl\u00e8te de mat\u00e9riel audiovisuel : location syst\u00e8me de sonorisation, jeux de lumi\u00e8res, vid\u00e9oprojecteur\u2026\" \/>\n<meta property=\"og:url\" content=\"https:\/\/dcievent.com\/index.php\/location\/\" \/>\n<meta property=\"og:site_name\" content=\"DCI Event - Prestataire Technique Audiovisuel\" \/>\n<meta property=\"article:publisher\" content=\"http:\/\/www.facebook.com\/dcievent\" \/>\n<meta property=\"article:modified_time\" content=\"2024-11-25T14:09:38+00:00\" \/>\n<meta property=\"og:image\" content=\"https:\/\/mlpbnbifhtdl.i.optimole.com\/cb:Cy3u.b2dd\/w:1024\/h:576\/q:mauto\/g:sm\/f:best\/https:\/\/dcievent.com\/wp-content\/uploads\/2024\/08\/location-sonorisation-enceintes-micros-pupitre-hf-systeme-son-DCI-event.png\" \/>\n\t<meta property=\"og:image:width\" content=\"1024\" \/>\n\t<meta property=\"og:image:height\" content=\"576\" \/>\n\t<meta property=\"og:image:type\" content=\"image\/png\" \/>\n<meta name=\"twitter:card\" content=\"summary_large_image\" \/>\n<meta name=\"twitter:label1\" content=\"Dur\u00e9e de lecture estim\u00e9e\" \/>\n\t<meta name=\"twitter:data1\" content=\"3 minutes\" \/>\n<script type=\"application\/ld+json\" class=\"yoast-schema-graph\">{\"@context\":\"https:\\\/\\\/schema.org\",\"@graph\":[{\"@type\":\"WebPage\",\"@id\":\"https:\\\/\\\/dcievent.com\\\/index.php\\\/location\\\/\",\"url\":\"https:\\\/\\\/dcievent.com\\\/index.php\\\/location\\\/\",\"name\":\"Location de mat\u00e9riel sonorisation, lumi\u00e8re, vid\u00e9o - DCI event\",\"isPartOf\":{\"@id\":\"https:\\\/\\\/dcievent.com\\\/#website\"},\"primaryImageOfPage\":{\"@id\":\"https:\\\/\\\/dcievent.com\\\/index.php\\\/location\\\/#primaryimage\"},\"image\":{\"@id\":\"https:\\\/\\\/dcievent.com\\\/index.php\\\/location\\\/#primaryimage\"},\"thumbnailUrl\":\"https:\\/\\/dcievent.com\\/wp-content\\/uploads\\/2024\\/08\\/location-sonorisation-enceintes-micros-pupitre-hf-systeme-son-DCI-event.png\",\"datePublished\":\"2019-12-20T10:24:03+00:00\",\"dateModified\":\"2024-11-25T14:09:38+00:00\",\"description\":\"D\u00e9couvrez nos packs et notre gamme compl\u00e8te de mat\u00e9riel audiovisuel : location syst\u00e8me de sonorisation, jeux de lumi\u00e8res, vid\u00e9oprojecteur\u2026\",\"breadcrumb\":{\"@id\":\"https:\\\/\\\/dcievent.com\\\/index.php\\\/location\\\/#breadcrumb\"},\"inLanguage\":\"fr-FR\",\"potentialAction\":[{\"@type\":\"ReadAction\",\"target\":[\"https:\\\/\\\/dcievent.com\\\/index.php\\\/location\\\/\"]}]},{\"@type\":\"ImageObject\",\"inLanguage\":\"fr-FR\",\"@id\":\"https:\\\/\\\/dcievent.com\\\/index.php\\\/location\\\/#primaryimage\",\"url\":\"https:\\/\\/dcievent.com\\/wp-content\\/uploads\\/2024\\/08\\/location-sonorisation-enceintes-micros-pupitre-hf-systeme-son-DCI-event.png\",\"contentUrl\":\"https:\\/\\/dcievent.com\\/wp-content\\/uploads\\/2024\\/08\\/location-sonorisation-enceintes-micros-pupitre-hf-systeme-son-DCI-event.png\",\"width\":1920,\"height\":1080},{\"@type\":\"BreadcrumbList\",\"@id\":\"https:\\\/\\\/dcievent.com\\\/index.php\\\/location\\\/#breadcrumb\",\"itemListElement\":[{\"@type\":\"ListItem\",\"position\":1,\"name\":\"Accueil\",\"item\":\"https:\\\/\\\/dcievent.com\\\/\"},{\"@type\":\"ListItem\",\"position\":2,\"name\":\"Location de mat\u00e9riel audiovisuel\"}]},{\"@type\":\"WebSite\",\"@id\":\"https:\\\/\\\/dcievent.com\\\/#website\",\"url\":\"https:\\\/\\\/dcievent.com\\\/\",\"name\":\"DCI Event\",\"description\":\"Location sonorisation, int\u00e9grateur audiovisuel, r\u00e9gie technique de spectacle\",\"publisher\":{\"@id\":\"https:\\\/\\\/dcievent.com\\\/#organization\"},\"potentialAction\":[{\"@type\":\"SearchAction\",\"target\":{\"@type\":\"EntryPoint\",\"urlTemplate\":\"https:\\\/\\\/dcievent.com\\\/?s={search_term_string}\"},\"query-input\":{\"@type\":\"PropertyValueSpecification\",\"valueRequired\":true,\"valueName\":\"search_term_string\"}}],\"inLanguage\":\"fr-FR\"},{\"@type\":\"Organization\",\"@id\":\"https:\\\/\\\/dcievent.com\\\/#organization\",\"name\":\"DCI event\",\"url\":\"https:\\\/\\\/dcievent.com\\\/\",\"logo\":{\"@type\":\"ImageObject\",\"inLanguage\":\"fr-FR\",\"@id\":\"https:\\\/\\\/dcievent.com\\\/#\\\/schema\\\/logo\\\/image\\\/\",\"url\":\"https:\\/\\/dcievent.com\\/wp-content\\/uploads\\/2024\\/01\\/cropped-cropped-DCI_LogoEvent_CMJN_HD-scaled-1.jpg\",\"contentUrl\":\"https:\\/\\/dcievent.com\\/wp-content\\/uploads\\/2024\\/01\\/cropped-cropped-DCI_LogoEvent_CMJN_HD-scaled-1.jpg\",\"width\":512,\"height\":512,\"caption\":\"DCI event\"},\"image\":{\"@id\":\"https:\\\/\\\/dcievent.com\\\/#\\\/schema\\\/logo\\\/image\\\/\"},\"sameAs\":[\"http:\\\/\\\/www.facebook.com\\\/dcievent\",\"http:\\\/\\\/www.instagram.com\\\/dcievent\"]}]}<\/script>\n<!-- \/ Yoast SEO plugin. -->","yoast_head_json":{"title":"Location de mat\u00e9riel sonorisation, lumi\u00e8re, vid\u00e9o - DCI event","description":"D\u00e9couvrez nos packs et notre gamme compl\u00e8te de mat\u00e9riel audiovisuel : location syst\u00e8me de sonorisation, jeux de lumi\u00e8res, vid\u00e9oprojecteur\u2026","robots":{"index":"index","follow":"follow","max-snippet":"max-snippet:-1","max-image-preview":"max-image-preview:large","max-video-preview":"max-video-preview:-1"},"canonical":"https:\/\/dcievent.com\/index.php\/location\/","og_locale":"fr_FR","og_type":"article","og_title":"Location de mat\u00e9riel sonorisation, lumi\u00e8re, vid\u00e9o - DCI event","og_description":"D\u00e9couvrez nos packs et notre gamme compl\u00e8te de mat\u00e9riel audiovisuel : location syst\u00e8me de sonorisation, jeux de lumi\u00e8res, vid\u00e9oprojecteur\u2026","og_url":"https:\/\/dcievent.com\/index.php\/location\/","og_site_name":"DCI Event - Prestataire Technique Audiovisuel","article_publisher":"http:\/\/www.facebook.com\/dcievent","article_modified_time":"2024-11-25T14:09:38+00:00","og_image":[{"width":1024,"height":576,"url":"https:\/\/mlpbnbifhtdl.i.optimole.com\/cb:Cy3u.b2dd\/w:1024\/h:576\/q:mauto\/g:sm\/f:best\/https:\/\/dcievent.com\/wp-content\/uploads\/2024\/08\/location-sonorisation-enceintes-micros-pupitre-hf-systeme-son-DCI-event.png","type":"image\/png"}],"twitter_card":"summary_large_image","twitter_misc":{"Dur\u00e9e de lecture estim\u00e9e":"3 minutes"},"schema":{"@context":"https:\/\/schema.org","@graph":[{"@type":"WebPage","@id":"https:\/\/dcievent.com\/index.php\/location\/","url":"https:\/\/dcievent.com\/index.php\/location\/","name":"Location de mat\u00e9riel sonorisation, lumi\u00e8re, vid\u00e9o - DCI event","isPartOf":{"@id":"https:\/\/dcievent.com\/#website"},"primaryImageOfPage":{"@id":"https:\/\/dcievent.com\/index.php\/location\/#primaryimage"},"image":{"@id":"https:\/\/dcievent.com\/index.php\/location\/#primaryimage"},"thumbnailUrl":"https:\/\/mlpbnbifhtdl.i.optimole.com\/cb:Cy3u.b2dd\/w:auto\/h:auto\/q:mauto\/g:sm\/f:best\/https:\/\/dcievent.com\/wp-content\/uploads\/2024\/08\/location-sonorisation-enceintes-micros-pupitre-hf-systeme-son-DCI-event.png","datePublished":"2019-12-20T10:24:03+00:00","dateModified":"2024-11-25T14:09:38+00:00","description":"D\u00e9couvrez nos packs et notre gamme compl\u00e8te de mat\u00e9riel audiovisuel : location syst\u00e8me de sonorisation, jeux de lumi\u00e8res, vid\u00e9oprojecteur\u2026","breadcrumb":{"@id":"https:\/\/dcievent.com\/index.php\/location\/#breadcrumb"},"inLanguage":"fr-FR","potentialAction":[{"@type":"ReadAction","target":["https:\/\/dcievent.com\/index.php\/location\/"]}]},{"@type":"ImageObject","inLanguage":"fr-FR","@id":"https:\/\/dcievent.com\/index.php\/location\/#primaryimage","url":"https:\/\/mlpbnbifhtdl.i.optimole.com\/cb:Cy3u.b2dd\/w:auto\/h:auto\/q:mauto\/g:sm\/f:best\/https:\/\/dcievent.com\/wp-content\/uploads\/2024\/08\/location-sonorisation-enceintes-micros-pupitre-hf-systeme-son-DCI-event.png","contentUrl":"https:\/\/mlpbnbifhtdl.i.optimole.com\/cb:Cy3u.b2dd\/w:auto\/h:auto\/q:mauto\/g:sm\/f:best\/https:\/\/dcievent.com\/wp-content\/uploads\/2024\/08\/location-sonorisation-enceintes-micros-pupitre-hf-systeme-son-DCI-event.png","width":1920,"height":1080},{"@type":"BreadcrumbList","@id":"https:\/\/dcievent.com\/index.php\/location\/#breadcrumb","itemListElement":[{"@type":"ListItem","position":1,"name":"Accueil","item":"https:\/\/dcievent.com\/"},{"@type":"ListItem","position":2,"name":"Location de mat\u00e9riel audiovisuel"}]},{"@type":"WebSite","@id":"https:\/\/dcievent.com\/#website","url":"https:\/\/dcievent.com\/","name":"DCI Event","description":"Location sonorisation, int\u00e9grateur audiovisuel, r\u00e9gie technique de spectacle","publisher":{"@id":"https:\/\/dcievent.com\/#organization"},"potentialAction":[{"@type":"SearchAction","target":{"@type":"EntryPoint","urlTemplate":"https:\/\/dcievent.com\/?s={search_term_string}"},"query-input":{"@type":"PropertyValueSpecification","valueRequired":true,"valueName":"search_term_string"}}],"inLanguage":"fr-FR"},{"@type":"Organization","@id":"https:\/\/dcievent.com\/#organization","name":"DCI event","url":"https:\/\/dcievent.com\/","logo":{"@type":"ImageObject","inLanguage":"fr-FR","@id":"https:\/\/dcievent.com\/#\/schema\/logo\/image\/","url":"https:\/\/mlpbnbifhtdl.i.optimole.com\/cb:Cy3u.b2dd\/w:auto\/h:auto\/q:mauto\/g:sm\/f:best\/https:\/\/dcievent.com\/wp-content\/uploads\/2024\/01\/cropped-cropped-DCI_LogoEvent_CMJN_HD-scaled-1.jpg","contentUrl":"https:\/\/mlpbnbifhtdl.i.optimole.com\/cb:Cy3u.b2dd\/w:auto\/h:auto\/q:mauto\/g:sm\/f:best\/https:\/\/dcievent.com\/wp-content\/uploads\/2024\/01\/cropped-cropped-DCI_LogoEvent_CMJN_HD-scaled-1.jpg","width":512,"height":512,"caption":"DCI event"},"image":{"@id":"https:\/\/dcievent.com\/#\/schema\/logo\/image\/"},"sameAs":["http:\/\/www.facebook.com\/dcievent","http:\/\/www.instagram.com\/dcievent"]}]}},"_links":{"self":[{"href":"https:\/\/dcievent.com\/index.php\/wp-json\/wp\/v2\/pages\/2087","targetHints":{"allow":["GET"]}}],"collection":[{"href":"https:\/\/dcievent.com\/index.php\/wp-json\/wp\/v2\/pages"}],"about":[{"href":"https:\/\/dcievent.com\/index.php\/wp-json\/wp\/v2\/types\/page"}],"author":[{"embeddable":true,"href":"https:\/\/dcievent.com\/index.php\/wp-json\/wp\/v2\/users\/1"}],"replies":[{"embeddable":true,"href":"https:\/\/dcievent.com\/index.php\/wp-json\/wp\/v2\/comments?post=2087"}],"version-history":[{"count":25,"href":"https:\/\/dcievent.com\/index.php\/wp-json\/wp\/v2\/pages\/2087\/revisions"}],"predecessor-version":[{"id":2959,"href":"https:\/\/dcievent.com\/index.php\/wp-json\/wp\/v2\/pages\/2087\/revisions\/2959"}],"wp:attachment":[{"href":"https:\/\/dcievent.com\/index.php\/wp-json\/wp\/v2\/media?parent=2087"}],"curies":[{"name":"wp","href":"https:\/\/api.w.org\/{rel}","templated":true}]}}