{"id":2084,"date":"2019-12-20T11:20:16","date_gmt":"2019-12-20T10:20:16","guid":{"rendered":"http:\/\/dcievent.com\/?page_id=2084"},"modified":"2024-11-25T14:46:48","modified_gmt":"2024-11-25T13:46:48","slug":"prestation","status":"publish","type":"page","link":"https:\/\/dcievent.com\/index.php\/prestation\/","title":{"rendered":"Prestation technique \u00e9v\u00e9nementielle"},"content":{"rendered":"\n<h1 class=\"wp-block-heading\">Prestataire technique \u00e9v\u00e9nementiel&nbsp;<\/h1>\n\n\n\n<p><strong>DCI Event<\/strong> est le prestataire technique \u00e9v\u00e9nementiel de r\u00e9f\u00e9rence pour les organisations, entreprises, et collectivit\u00e9s en qu\u00eate d\u2019une <strong>solution globale et sur mesure <\/strong>pour leurs \u00e9v\u00e9nements.&nbsp;<\/p>\n\n\n\n<p>Nous vous accompagnons dans la r\u00e9alisation de vos projets, qu&#8217;il s&#8217;agisse de <strong>concerts, festivals, s\u00e9minaires ou \u00e9v\u00e9nements corporate<\/strong>, en vous proposant une prestation technique compl\u00e8te et adapt\u00e9e \u00e0 vos besoins sp\u00e9cifiques. <\/p>\n\n\n\n<div class=\"wp-block-group\"><div class=\"wp-block-group__inner-container is-layout-constrained wp-block-group-is-layout-constrained\">\n<p>N&#8217;h\u00e9sitez pas \u00e0 nous <a href=\"https:\/\/dcievent.com\/index.php\/contact\/\" target=\"_blank\" rel=\"noreferrer noopener\">contacter<\/a> pour toute information !<\/p>\n<\/div><\/div>\n\n\n\n<h2 class=\"wp-block-heading has-medium-font-size\"><mark style=\"background-color:rgba(0, 0, 0, 0)\" class=\"has-inline-color has-luminous-vivid-orange-color\">Pour les organisateurs de concerts, festivals et \u00e9v\u00e9nements culturels<\/mark><\/h2>\n\n\n\n<p>Vous \u00eates une association, une organisation, ou une collectivit\u00e9 locale en charge de l\u2019organisation d\u2019un concert ou d\u2019un festival ? DCI Event est votre alli\u00e9 pour transformer vos id\u00e9es en r\u00e9alit\u00e9. <strong>Nous mettons \u00e0 votre disposition notre expertise<\/strong> en sonorisation, \u00e9clairage architectural, mise en lumi\u00e8re de sc\u00e8nes et projection vid\u00e9o pour cr\u00e9er une exp\u00e9rience unique et m\u00e9morable pour votre public.&nbsp;<\/p>\n\n\n\n<p>Que vous ayez besoin de sonoriser un discours, de sublimer un artiste, ou d&#8217;assurer une projection ou captation vid\u00e9o, notre \u00e9quipe de <strong>r\u00e9gisseurs, techniciens et roads<\/strong> est l\u00e0 pour vous fournir une prestation technique d\u2019\u00e9v\u00e9nements qui r\u00e9pond \u00e0 vos attentes les plus exigeantes.<\/p>\n\n\n\n<h2 class=\"wp-block-heading has-medium-font-size\"><mark style=\"background-color:rgba(0, 0, 0, 0)\" class=\"has-inline-color has-luminous-vivid-orange-color\">Mise \u00e0 disposition de compl\u00e9ments de mat\u00e9riel sc\u00e9nique<\/mark><\/h2>\n\n\n\n<p>Vous disposez d\u00e9j\u00e0 de la majorit\u00e9 du mat\u00e9riel n\u00e9cessaire pour votre \u00e9v\u00e9nement, mais il vous manque un \u00e9l\u00e9ment cl\u00e9 comme un podium, une estrade ou une sc\u00e8ne ? Nous offrons des <strong>solutions flexibles<\/strong> pour r\u00e9pondre \u00e0 vos besoins sp\u00e9cifiques, en fournissant l&#8217;\u00e9quipement manquant pour garantir la r\u00e9ussite de votre \u00e9v\u00e9nement.<\/p>\n\n\n\n<p>Notre \u00e9quipe et notre mat\u00e9riel de qualit\u00e9 vous assurent une installation rapide, s\u00e9curis\u00e9e et adapt\u00e9e \u00e0 votre configuration : pour les sc\u00e8nes par exemple nous disposons d\u2019accessoires de taille modulables permettant l\u2019installation sur tous types de terrains, des garde-corps et des escaliers.<\/p>\n\n\n\n<h2 class=\"wp-block-heading has-medium-font-size\"><mark style=\"background-color:rgba(0, 0, 0, 0)\" class=\"has-inline-color has-luminous-vivid-orange-color\">R\u00e9alisation technique pour projets de lieux \u00e9ph\u00e9m\u00e8res<\/mark><\/h2>\n\n\n\n<p>Vous cherchez \u00e0 mettre en place un lieu \u00e9ph\u00e9m\u00e8re \u00e9quip\u00e9 de technologies audiovisuelles de pointe ?&nbsp;<\/p>\n\n\n\n<p>Que ce soit pour un <strong>pop-up store<\/strong>, une <strong>installation artistique temporaire<\/strong>, ou un \u00e9v\u00e9nement d\u2019entreprise, nous vous offrons des solutions personnalis\u00e9es pour transformer n&#8217;importe quel espace en un lieu \u00e0 fort impact visuel et sonore.\u00a0<\/p>\n\n\n\n<p>Nous savons que chaque projet est unique, c\u2019est pourquoi nos \u00e9quipements de projection vid\u00e9o, de sonorisation et d\u2019\u00e9clairage sont pens\u00e9s pour cr\u00e9er des ambiances immersives qui captivent vos invit\u00e9s d\u00e8s le premier instant.<\/p>\n\n\n\n<h2 class=\"wp-block-heading has-medium-font-size\"><mark style=\"background-color:rgba(0, 0, 0, 0)\" class=\"has-inline-color has-luminous-vivid-orange-color\">Support aux agences \u00e9v\u00e8nementielles et bo\u00eetes de production<\/mark><\/h2>\n\n\n\n<p>En tant qu\u2019agence ou bo\u00eete de production, vous recherchez un prestataire technique capable d\u2019<strong>accompagner vos artistes<\/strong> dans leurs performances live, que ce soit en tourn\u00e9e ou pour des \u00e9v\u00e9nements uniques.<\/p>\n\n\n\n<p>DCI Event se sp\u00e9cialise dans la prestation technique \u00e9v\u00e9nementielle pour les repr\u00e9sentations d\u2019artistes, les <strong>lancements de produits<\/strong> offrant des services de sonorisation <strong>haut de gamme<\/strong>, d&#8217;\u00e9clairage sc\u00e9nique et de projection vid\u00e9o pour sublimer chaque performance.&nbsp;<\/p>\n\n\n\n<p>Nous comprenons les exigences de nos clients et mettons tout en \u0153uvre pour assurer une qualit\u00e9 sonore impeccable, une mise en lumi\u00e8re spectaculaire et une coordination sans faille, <strong>peu importe le d\u00e9fi technique<\/strong>.<\/p>\n\n\n\n<h2 class=\"wp-block-heading has-medium-font-size\"><mark style=\"background-color:rgba(0, 0, 0, 0)\" class=\"has-inline-color has-luminous-vivid-orange-color\">Pourquoi choisir DCI Event ?<\/mark><\/h2>\n\n\n\n<p>Depuis 2008, DCI Event est plus qu&#8217;un simple prestataire technique : <strong>nous sommes votre partenaire de confiance<\/strong> pour des \u00e9v\u00e9nements r\u00e9ussis.&nbsp;<\/p>\n\n\n\n<p>Nous collaborons avec des fournisseurs de renomm\u00e9e mondiale (Yamaha, Sennheiser, Chauvet\u2026) pour vous garantir une prestation technique d\u2019\u00e9v\u00e9nements \u00e0 la hauteur de vos ambitions. Que vous soyez une association, une entreprise, une ville, ou une agence \u00e9v\u00e9nementielle, notre mission est de vous offrir une <strong>solution technique compl\u00e8te et personnalis\u00e9e<\/strong>, afin que chaque d\u00e9tail soit parfait le jour J.<\/p>\n\n\n\n<p>Nous faisons travailler une<strong> \u00e9quipe d\u2019intermittents r\u00e9guliers<\/strong> form\u00e9s et sp\u00e9cialistes dans leur domaine, encadr\u00e9s par une \u00e9quipe de permanents ma\u00eetrisant parfaitement le mat\u00e9riel d\u00e9ploy\u00e9.<\/p>\n\n\n\n<p>Faites confiance \u00e0 DCI Event pour vos besoins en prestation technique \u00e9v\u00e9nementielle et assurez-vous que votre \u00e9v\u00e9nement se d\u00e9roule sans accroc, avec la qualit\u00e9 et le professionnalisme que vous m\u00e9ritez.&nbsp;<\/p>\n\n\n\n<p><strong>Contactez-nous d\u00e8s aujourd\u2019hui<\/strong> pour discuter de votre projet et d\u00e9couvrir comment nous pouvons vous aider \u00e0 r\u00e9aliser vos id\u00e9es les plus audacieuses.<\/p>\n\n\n\n<h2 class=\"wp-block-heading has-luminous-vivid-orange-color has-text-color has-link-color has-medium-font-size wp-elements-c2cd4c96f26cf7ccaac6722021c22f32\"><a style=\"background-color: rgba(0, 0, 0, 0);\" href=\"https:\/\/dcievent.com\/index.php\/contact\/\"><mark style=\"background-color:rgba(0, 0, 0, 0)\" class=\"has-inline-color has-luminous-vivid-orange-color\">Cliquez ici pour acc\u00e9der \u00e0 notre formulaire de contact<\/mark><\/a> !<\/h2>\n\n\n\n<p><\/p>\n","protected":false},"excerpt":{"rendered":"<p>Prestataire technique \u00e9v\u00e9nementiel&nbsp; DCI Event est le prestataire technique \u00e9v\u00e9nementiel de r\u00e9f\u00e9rence pour les organisations, entreprises, et collectivit\u00e9s en qu\u00eate d\u2019une solution globale et sur mesure pour leurs \u00e9v\u00e9nements.&nbsp; Nous &#8230;<\/p>\n","protected":false},"author":1,"featured_media":0,"parent":0,"menu_order":0,"comment_status":"closed","ping_status":"closed","template":"template-fullwidth.php","meta":{"footnotes":"[]"},"class_list":["post-2084","page","type-page","status-publish","hentry"],"yoast_head":"<!-- This site is optimized with the Yoast SEO plugin v27.4 - https:\/\/yoast.com\/product\/yoast-seo-wordpress\/ -->\n<title>Prestation technique \u00e9v\u00e9nementielle - DCI event<\/title>\n<meta name=\"description\" content=\"Prestation technique \u00e9v\u00e9nementielle avec conseils et suivi professionnels, r\u00e9gie g\u00e9n\u00e9rale, sonorisation, lumi\u00e8re, vid\u00e9o pour vos \u00e9venements\" \/>\n<meta name=\"robots\" content=\"index, follow, max-snippet:-1, max-image-preview:large, max-video-preview:-1\" \/>\n<link rel=\"canonical\" href=\"https:\/\/dcievent.com\/index.php\/prestation\/\" \/>\n<meta property=\"og:locale\" content=\"fr_FR\" \/>\n<meta property=\"og:type\" content=\"article\" \/>\n<meta property=\"og:title\" content=\"Prestation technique \u00e9v\u00e9nementielle - DCI event\" \/>\n<meta property=\"og:description\" content=\"Prestation technique \u00e9v\u00e9nementielle avec conseils et suivi professionnels, r\u00e9gie g\u00e9n\u00e9rale, sonorisation, lumi\u00e8re, vid\u00e9o pour vos \u00e9venements\" \/>\n<meta property=\"og:url\" content=\"https:\/\/dcievent.com\/index.php\/prestation\/\" \/>\n<meta property=\"og:site_name\" content=\"DCI Event - Prestataire Technique Audiovisuel\" \/>\n<meta property=\"article:publisher\" content=\"http:\/\/www.facebook.com\/dcievent\" \/>\n<meta property=\"article:modified_time\" content=\"2024-11-25T13:46:48+00:00\" \/>\n<meta property=\"og:image\" content=\"https:\/\/mlpbnbifhtdl.i.optimole.com\/cb:Cy3u.b2dd\/w:auto\/h:auto\/q:mauto\/g:sm\/f:best\/https:\/\/dcievent.com\/wp-content\/uploads\/2016\/11\/logo-dci-event-carre-blanc.png\" \/>\n\t<meta property=\"og:image:width\" content=\"1071\" \/>\n\t<meta property=\"og:image:height\" content=\"1080\" \/>\n\t<meta property=\"og:image:type\" content=\"image\/png\" \/>\n<meta name=\"twitter:card\" content=\"summary_large_image\" \/>\n<meta name=\"twitter:label1\" content=\"Dur\u00e9e de lecture estim\u00e9e\" \/>\n\t<meta name=\"twitter:data1\" content=\"4 minutes\" \/>\n<script type=\"application\/ld+json\" class=\"yoast-schema-graph\">{\"@context\":\"https:\\\/\\\/schema.org\",\"@graph\":[{\"@type\":\"WebPage\",\"@id\":\"https:\\\/\\\/dcievent.com\\\/index.php\\\/prestation\\\/\",\"url\":\"https:\\\/\\\/dcievent.com\\\/index.php\\\/prestation\\\/\",\"name\":\"Prestation technique \u00e9v\u00e9nementielle - DCI event\",\"isPartOf\":{\"@id\":\"https:\\\/\\\/dcievent.com\\\/#website\"},\"datePublished\":\"2019-12-20T10:20:16+00:00\",\"dateModified\":\"2024-11-25T13:46:48+00:00\",\"description\":\"Prestation technique \u00e9v\u00e9nementielle avec conseils et suivi professionnels, r\u00e9gie g\u00e9n\u00e9rale, sonorisation, lumi\u00e8re, vid\u00e9o pour vos \u00e9venements\",\"breadcrumb\":{\"@id\":\"https:\\\/\\\/dcievent.com\\\/index.php\\\/prestation\\\/#breadcrumb\"},\"inLanguage\":\"fr-FR\",\"potentialAction\":[{\"@type\":\"ReadAction\",\"target\":[\"https:\\\/\\\/dcievent.com\\\/index.php\\\/prestation\\\/\"]}]},{\"@type\":\"BreadcrumbList\",\"@id\":\"https:\\\/\\\/dcievent.com\\\/index.php\\\/prestation\\\/#breadcrumb\",\"itemListElement\":[{\"@type\":\"ListItem\",\"position\":1,\"name\":\"Accueil\",\"item\":\"https:\\\/\\\/dcievent.com\\\/\"},{\"@type\":\"ListItem\",\"position\":2,\"name\":\"Prestation technique \u00e9v\u00e9nementielle\"}]},{\"@type\":\"WebSite\",\"@id\":\"https:\\\/\\\/dcievent.com\\\/#website\",\"url\":\"https:\\\/\\\/dcievent.com\\\/\",\"name\":\"DCI Event\",\"description\":\"Location sonorisation, int\u00e9grateur audiovisuel, r\u00e9gie technique de spectacle\",\"publisher\":{\"@id\":\"https:\\\/\\\/dcievent.com\\\/#organization\"},\"potentialAction\":[{\"@type\":\"SearchAction\",\"target\":{\"@type\":\"EntryPoint\",\"urlTemplate\":\"https:\\\/\\\/dcievent.com\\\/?s={search_term_string}\"},\"query-input\":{\"@type\":\"PropertyValueSpecification\",\"valueRequired\":true,\"valueName\":\"search_term_string\"}}],\"inLanguage\":\"fr-FR\"},{\"@type\":\"Organization\",\"@id\":\"https:\\\/\\\/dcievent.com\\\/#organization\",\"name\":\"DCI event\",\"url\":\"https:\\\/\\\/dcievent.com\\\/\",\"logo\":{\"@type\":\"ImageObject\",\"inLanguage\":\"fr-FR\",\"@id\":\"https:\\\/\\\/dcievent.com\\\/#\\\/schema\\\/logo\\\/image\\\/\",\"url\":\"https:\\/\\/dcievent.com\\/wp-content\\/uploads\\/2024\\/01\\/cropped-cropped-DCI_LogoEvent_CMJN_HD-scaled-1.jpg\",\"contentUrl\":\"https:\\/\\/dcievent.com\\/wp-content\\/uploads\\/2024\\/01\\/cropped-cropped-DCI_LogoEvent_CMJN_HD-scaled-1.jpg\",\"width\":512,\"height\":512,\"caption\":\"DCI event\"},\"image\":{\"@id\":\"https:\\\/\\\/dcievent.com\\\/#\\\/schema\\\/logo\\\/image\\\/\"},\"sameAs\":[\"http:\\\/\\\/www.facebook.com\\\/dcievent\",\"http:\\\/\\\/www.instagram.com\\\/dcievent\"]}]}<\/script>\n<!-- \/ Yoast SEO plugin. -->","yoast_head_json":{"title":"Prestation technique \u00e9v\u00e9nementielle - DCI event","description":"Prestation technique \u00e9v\u00e9nementielle avec conseils et suivi professionnels, r\u00e9gie g\u00e9n\u00e9rale, sonorisation, lumi\u00e8re, vid\u00e9o pour vos \u00e9venements","robots":{"index":"index","follow":"follow","max-snippet":"max-snippet:-1","max-image-preview":"max-image-preview:large","max-video-preview":"max-video-preview:-1"},"canonical":"https:\/\/dcievent.com\/index.php\/prestation\/","og_locale":"fr_FR","og_type":"article","og_title":"Prestation technique \u00e9v\u00e9nementielle - DCI event","og_description":"Prestation technique \u00e9v\u00e9nementielle avec conseils et suivi professionnels, r\u00e9gie g\u00e9n\u00e9rale, sonorisation, lumi\u00e8re, vid\u00e9o pour vos \u00e9venements","og_url":"https:\/\/dcievent.com\/index.php\/prestation\/","og_site_name":"DCI Event - Prestataire Technique Audiovisuel","article_publisher":"http:\/\/www.facebook.com\/dcievent","article_modified_time":"2024-11-25T13:46:48+00:00","og_image":[{"width":1071,"height":1080,"url":"https:\/\/mlpbnbifhtdl.i.optimole.com\/cb:Cy3u.b2dd\/w:auto\/h:auto\/q:mauto\/g:sm\/f:best\/https:\/\/dcievent.com\/wp-content\/uploads\/2016\/11\/logo-dci-event-carre-blanc.png","type":"image\/png"}],"twitter_card":"summary_large_image","twitter_misc":{"Dur\u00e9e de lecture estim\u00e9e":"4 minutes"},"schema":{"@context":"https:\/\/schema.org","@graph":[{"@type":"WebPage","@id":"https:\/\/dcievent.com\/index.php\/prestation\/","url":"https:\/\/dcievent.com\/index.php\/prestation\/","name":"Prestation technique \u00e9v\u00e9nementielle - DCI event","isPartOf":{"@id":"https:\/\/dcievent.com\/#website"},"datePublished":"2019-12-20T10:20:16+00:00","dateModified":"2024-11-25T13:46:48+00:00","description":"Prestation technique \u00e9v\u00e9nementielle avec conseils et suivi professionnels, r\u00e9gie g\u00e9n\u00e9rale, sonorisation, lumi\u00e8re, vid\u00e9o pour vos \u00e9venements","breadcrumb":{"@id":"https:\/\/dcievent.com\/index.php\/prestation\/#breadcrumb"},"inLanguage":"fr-FR","potentialAction":[{"@type":"ReadAction","target":["https:\/\/dcievent.com\/index.php\/prestation\/"]}]},{"@type":"BreadcrumbList","@id":"https:\/\/dcievent.com\/index.php\/prestation\/#breadcrumb","itemListElement":[{"@type":"ListItem","position":1,"name":"Accueil","item":"https:\/\/dcievent.com\/"},{"@type":"ListItem","position":2,"name":"Prestation technique \u00e9v\u00e9nementielle"}]},{"@type":"WebSite","@id":"https:\/\/dcievent.com\/#website","url":"https:\/\/dcievent.com\/","name":"DCI Event","description":"Location sonorisation, int\u00e9grateur audiovisuel, r\u00e9gie technique de spectacle","publisher":{"@id":"https:\/\/dcievent.com\/#organization"},"potentialAction":[{"@type":"SearchAction","target":{"@type":"EntryPoint","urlTemplate":"https:\/\/dcievent.com\/?s={search_term_string}"},"query-input":{"@type":"PropertyValueSpecification","valueRequired":true,"valueName":"search_term_string"}}],"inLanguage":"fr-FR"},{"@type":"Organization","@id":"https:\/\/dcievent.com\/#organization","name":"DCI event","url":"https:\/\/dcievent.com\/","logo":{"@type":"ImageObject","inLanguage":"fr-FR","@id":"https:\/\/dcievent.com\/#\/schema\/logo\/image\/","url":"https:\/\/mlpbnbifhtdl.i.optimole.com\/cb:Cy3u.b2dd\/w:auto\/h:auto\/q:mauto\/g:sm\/f:best\/https:\/\/dcievent.com\/wp-content\/uploads\/2024\/01\/cropped-cropped-DCI_LogoEvent_CMJN_HD-scaled-1.jpg","contentUrl":"https:\/\/mlpbnbifhtdl.i.optimole.com\/cb:Cy3u.b2dd\/w:auto\/h:auto\/q:mauto\/g:sm\/f:best\/https:\/\/dcievent.com\/wp-content\/uploads\/2024\/01\/cropped-cropped-DCI_LogoEvent_CMJN_HD-scaled-1.jpg","width":512,"height":512,"caption":"DCI event"},"image":{"@id":"https:\/\/dcievent.com\/#\/schema\/logo\/image\/"},"sameAs":["http:\/\/www.facebook.com\/dcievent","http:\/\/www.instagram.com\/dcievent"]}]}},"_links":{"self":[{"href":"https:\/\/dcievent.com\/index.php\/wp-json\/wp\/v2\/pages\/2084","targetHints":{"allow":["GET"]}}],"collection":[{"href":"https:\/\/dcievent.com\/index.php\/wp-json\/wp\/v2\/pages"}],"about":[{"href":"https:\/\/dcievent.com\/index.php\/wp-json\/wp\/v2\/types\/page"}],"author":[{"embeddable":true,"href":"https:\/\/dcievent.com\/index.php\/wp-json\/wp\/v2\/users\/1"}],"replies":[{"embeddable":true,"href":"https:\/\/dcievent.com\/index.php\/wp-json\/wp\/v2\/comments?post=2084"}],"version-history":[{"count":12,"href":"https:\/\/dcievent.com\/index.php\/wp-json\/wp\/v2\/pages\/2084\/revisions"}],"predecessor-version":[{"id":2953,"href":"https:\/\/dcievent.com\/index.php\/wp-json\/wp\/v2\/pages\/2084\/revisions\/2953"}],"wp:attachment":[{"href":"https:\/\/dcievent.com\/index.php\/wp-json\/wp\/v2\/media?parent=2084"}],"curies":[{"name":"wp","href":"https:\/\/api.w.org\/{rel}","templated":true}]}}