{"id":16,"date":"2016-10-22T12:07:44","date_gmt":"2016-10-22T10:07:44","guid":{"rendered":"http:\/\/dcievent.com\/?page_id=16"},"modified":"2024-11-14T12:44:31","modified_gmt":"2024-11-14T11:44:31","slug":"dci-event","status":"publish","type":"page","link":"https:\/\/dcievent.com\/","title":{"rendered":"Accueil"},"content":{"rendered":"<p style=\"text-align: center;\">DCI event, prestataire technique audiovisuel pour l&#8217;\u00e9v\u00e9nementiel : sonorisation, \u00e9clairage, vid\u00e9o, structure et sc\u00e8ne, distribution \u00e9lectrique, captation en live<\/p>\n<p style=\"text-align: center;\">(rendez-vous dans les <a href=\"http:\/\/www.dcievent.com\/index.php\/activites\/\">activit\u00e9s<\/a> pour plus de d\u00e9tails)<\/p>\n<p style=\"text-align: center;\"><a href=\"http:\/\/www.dcievent.com\/index.php\/activites\/installations-fixes\/\">Installation fixe<\/a> et vente de mat\u00e9riel audiovisuel pour des infrastructures telles que des salles de concert, salles de spectacle, th\u00e9\u00e2tres, mus\u00e9es, communes, restaurants, bars, illumination architecturale<\/p>\n<p style=\"text-align: center;\"><a href=\"http:\/\/www.dcievent.com\/index.php\/location-vente\/\">Location<\/a> de mat\u00e9riel audiovisuel, ainsi que de mat\u00e9riel de sc\u00e8ne pour votre \u00e9v\u00e9nement (concert, soir\u00e9e priv\u00e9e, mariage, conf\u00e9rence, sport, \u00e9v\u00e9nementiel, pr\u00e9sentation de produit &#8230;)<\/p>\n","protected":false},"excerpt":{"rendered":"<p>DCI event, prestataire technique audiovisuel pour l&#8217;\u00e9v\u00e9nementiel : sonorisation, \u00e9clairage, vid\u00e9o, structure et sc\u00e8ne, distribution \u00e9lectrique, captation en live (rendez-vous dans les activit\u00e9s pour plus de d\u00e9tails) Installation fixe et &#8230;<\/p>\n","protected":false},"author":1,"featured_media":308,"parent":0,"menu_order":0,"comment_status":"closed","ping_status":"closed","template":"template-frontpage.php","meta":{"footnotes":""},"class_list":["post-16","page","type-page","status-publish","has-post-thumbnail","hentry"],"yoast_head":"<!-- This site is optimized with the Yoast SEO plugin v27.5 - https:\/\/yoast.com\/product\/yoast-seo-wordpress\/ -->\n<title>Prestataire technique audiovisuel - DCI event<\/title>\n<meta name=\"description\" content=\"DCI event - Location Vente Int\u00e9gration R\u00e9gie - Sonorisation, \u00e9clairage, vid\u00e9o, sc\u00e8ne au Pays Basque &amp; sud Landes\" \/>\n<meta name=\"robots\" content=\"index, follow, max-snippet:-1, max-image-preview:large, max-video-preview:-1\" \/>\n<link rel=\"canonical\" href=\"https:\/\/dcievent.com\/\" \/>\n<meta property=\"og:locale\" content=\"fr_FR\" \/>\n<meta property=\"og:type\" content=\"article\" \/>\n<meta property=\"og:title\" content=\"Prestataire technique audiovisuel - DCI event\" \/>\n<meta property=\"og:description\" content=\"DCI event - Location Vente Int\u00e9gration R\u00e9gie - Sonorisation, \u00e9clairage, vid\u00e9o, sc\u00e8ne au Pays Basque &amp; sud Landes\" \/>\n<meta property=\"og:url\" content=\"https:\/\/dcievent.com\/\" \/>\n<meta property=\"og:site_name\" content=\"DCI Event - Prestataire Technique Audiovisuel\" \/>\n<meta property=\"article:publisher\" content=\"http:\/\/www.facebook.com\/dcievent\" \/>\n<meta property=\"article:modified_time\" content=\"2024-11-14T11:44:31+00:00\" \/>\n<meta property=\"og:image\" content=\"https:\/\/mlpbnbifhtdl.i.optimole.com\/cb:Cy3u.b2dd\/w:auto\/h:auto\/q:mauto\/g:sm\/f:best\/https:\/\/dcievent.com\/wp-content\/uploads\/2016\/11\/esne-beltza-biriatou-confetis-fete-ambiance-concert-DCI-event.jpg\" \/>\n\t<meta property=\"og:image:width\" content=\"1080\" \/>\n\t<meta property=\"og:image:height\" content=\"810\" \/>\n\t<meta property=\"og:image:type\" content=\"image\/jpeg\" \/>\n<meta name=\"twitter:card\" content=\"summary_large_image\" \/>\n<meta name=\"twitter:label1\" content=\"Dur\u00e9e de lecture estim\u00e9e\" \/>\n\t<meta name=\"twitter:data1\" content=\"1 minute\" \/>\n<script type=\"application\/ld+json\" class=\"yoast-schema-graph\">{\"@context\":\"https:\\\/\\\/schema.org\",\"@graph\":[{\"@type\":[\"WebPage\",\"CollectionPage\"],\"@id\":\"https:\\\/\\\/dcievent.com\\\/\",\"url\":\"https:\\\/\\\/dcievent.com\\\/\",\"name\":\"Prestataire technique audiovisuel - DCI event\",\"isPartOf\":{\"@id\":\"https:\\\/\\\/dcievent.com\\\/#website\"},\"primaryImageOfPage\":{\"@id\":\"https:\\\/\\\/dcievent.com\\\/#primaryimage\"},\"image\":{\"@id\":\"https:\\\/\\\/dcievent.com\\\/#primaryimage\"},\"thumbnailUrl\":\"https:\\/\\/dcievent.com\\/wp-content\\/uploads\\/2016\\/11\\/esne-beltza-biriatou-confetis-fete-ambiance-concert-DCI-event.jpg\",\"datePublished\":\"2016-10-22T10:07:44+00:00\",\"dateModified\":\"2024-11-14T11:44:31+00:00\",\"description\":\"DCI event - Location Vente Int\u00e9gration R\u00e9gie - Sonorisation, \u00e9clairage, vid\u00e9o, sc\u00e8ne au Pays Basque & sud Landes\",\"breadcrumb\":{\"@id\":\"https:\\\/\\\/dcievent.com\\\/#breadcrumb\"},\"inLanguage\":\"fr-FR\"},{\"@type\":\"ImageObject\",\"inLanguage\":\"fr-FR\",\"@id\":\"https:\\\/\\\/dcievent.com\\\/#primaryimage\",\"url\":\"https:\\/\\/dcievent.com\\/wp-content\\/uploads\\/2016\\/11\\/esne-beltza-biriatou-confetis-fete-ambiance-concert-DCI-event.jpg\",\"contentUrl\":\"https:\\/\\/dcievent.com\\/wp-content\\/uploads\\/2016\\/11\\/esne-beltza-biriatou-confetis-fete-ambiance-concert-DCI-event.jpg\",\"width\":1080,\"height\":810,\"caption\":\"Esne Beltza aux f\u00eates de Biriatou 2016\"},{\"@type\":\"BreadcrumbList\",\"@id\":\"https:\\\/\\\/dcievent.com\\\/#breadcrumb\",\"itemListElement\":[{\"@type\":\"ListItem\",\"position\":1,\"name\":\"Accueil\",\"item\":\"https:\\\/\\\/dcievent.com\\\/\"},{\"@type\":\"ListItem\",\"position\":2,\"name\":\"Accueil\"}]},{\"@type\":\"WebSite\",\"@id\":\"https:\\\/\\\/dcievent.com\\\/#website\",\"url\":\"https:\\\/\\\/dcievent.com\\\/\",\"name\":\"DCI Event\",\"description\":\"Location sonorisation, int\u00e9grateur audiovisuel, r\u00e9gie technique de spectacle\",\"publisher\":{\"@id\":\"https:\\\/\\\/dcievent.com\\\/#organization\"},\"potentialAction\":[{\"@type\":\"SearchAction\",\"target\":{\"@type\":\"EntryPoint\",\"urlTemplate\":\"https:\\\/\\\/dcievent.com\\\/?s={search_term_string}\"},\"query-input\":{\"@type\":\"PropertyValueSpecification\",\"valueRequired\":true,\"valueName\":\"search_term_string\"}}],\"inLanguage\":\"fr-FR\"},{\"@type\":\"Organization\",\"@id\":\"https:\\\/\\\/dcievent.com\\\/#organization\",\"name\":\"DCI event\",\"url\":\"https:\\\/\\\/dcievent.com\\\/\",\"logo\":{\"@type\":\"ImageObject\",\"inLanguage\":\"fr-FR\",\"@id\":\"https:\\\/\\\/dcievent.com\\\/#\\\/schema\\\/logo\\\/image\\\/\",\"url\":\"https:\\/\\/dcievent.com\\/wp-content\\/uploads\\/2024\\/01\\/cropped-cropped-DCI_LogoEvent_CMJN_HD-scaled-1.jpg\",\"contentUrl\":\"https:\\/\\/dcievent.com\\/wp-content\\/uploads\\/2024\\/01\\/cropped-cropped-DCI_LogoEvent_CMJN_HD-scaled-1.jpg\",\"width\":512,\"height\":512,\"caption\":\"DCI event\"},\"image\":{\"@id\":\"https:\\\/\\\/dcievent.com\\\/#\\\/schema\\\/logo\\\/image\\\/\"},\"sameAs\":[\"http:\\\/\\\/www.facebook.com\\\/dcievent\",\"http:\\\/\\\/www.instagram.com\\\/dcievent\"]}]}<\/script>\n<!-- \/ Yoast SEO plugin. -->","yoast_head_json":{"title":"Prestataire technique audiovisuel - DCI event","description":"DCI event - Location Vente Int\u00e9gration R\u00e9gie - Sonorisation, \u00e9clairage, vid\u00e9o, sc\u00e8ne au Pays Basque & sud Landes","robots":{"index":"index","follow":"follow","max-snippet":"max-snippet:-1","max-image-preview":"max-image-preview:large","max-video-preview":"max-video-preview:-1"},"canonical":"https:\/\/dcievent.com\/","og_locale":"fr_FR","og_type":"article","og_title":"Prestataire technique audiovisuel - DCI event","og_description":"DCI event - Location Vente Int\u00e9gration R\u00e9gie - Sonorisation, \u00e9clairage, vid\u00e9o, sc\u00e8ne au Pays Basque & sud Landes","og_url":"https:\/\/dcievent.com\/","og_site_name":"DCI Event - Prestataire Technique Audiovisuel","article_publisher":"http:\/\/www.facebook.com\/dcievent","article_modified_time":"2024-11-14T11:44:31+00:00","og_image":[{"width":1080,"height":810,"url":"https:\/\/mlpbnbifhtdl.i.optimole.com\/cb:Cy3u.b2dd\/w:auto\/h:auto\/q:mauto\/g:sm\/f:best\/https:\/\/dcievent.com\/wp-content\/uploads\/2016\/11\/esne-beltza-biriatou-confetis-fete-ambiance-concert-DCI-event.jpg","type":"image\/jpeg"}],"twitter_card":"summary_large_image","twitter_misc":{"Dur\u00e9e de lecture estim\u00e9e":"1 minute"},"schema":{"@context":"https:\/\/schema.org","@graph":[{"@type":["WebPage","CollectionPage"],"@id":"https:\/\/dcievent.com\/","url":"https:\/\/dcievent.com\/","name":"Prestataire technique audiovisuel - DCI event","isPartOf":{"@id":"https:\/\/dcievent.com\/#website"},"primaryImageOfPage":{"@id":"https:\/\/dcievent.com\/#primaryimage"},"image":{"@id":"https:\/\/dcievent.com\/#primaryimage"},"thumbnailUrl":"https:\/\/mlpbnbifhtdl.i.optimole.com\/cb:Cy3u.b2dd\/w:auto\/h:auto\/q:mauto\/g:sm\/f:best\/https:\/\/dcievent.com\/wp-content\/uploads\/2016\/11\/esne-beltza-biriatou-confetis-fete-ambiance-concert-DCI-event.jpg","datePublished":"2016-10-22T10:07:44+00:00","dateModified":"2024-11-14T11:44:31+00:00","description":"DCI event - Location Vente Int\u00e9gration R\u00e9gie - Sonorisation, \u00e9clairage, vid\u00e9o, sc\u00e8ne au Pays Basque & sud Landes","breadcrumb":{"@id":"https:\/\/dcievent.com\/#breadcrumb"},"inLanguage":"fr-FR"},{"@type":"ImageObject","inLanguage":"fr-FR","@id":"https:\/\/dcievent.com\/#primaryimage","url":"https:\/\/mlpbnbifhtdl.i.optimole.com\/cb:Cy3u.b2dd\/w:auto\/h:auto\/q:mauto\/g:sm\/f:best\/https:\/\/dcievent.com\/wp-content\/uploads\/2016\/11\/esne-beltza-biriatou-confetis-fete-ambiance-concert-DCI-event.jpg","contentUrl":"https:\/\/mlpbnbifhtdl.i.optimole.com\/cb:Cy3u.b2dd\/w:auto\/h:auto\/q:mauto\/g:sm\/f:best\/https:\/\/dcievent.com\/wp-content\/uploads\/2016\/11\/esne-beltza-biriatou-confetis-fete-ambiance-concert-DCI-event.jpg","width":1080,"height":810,"caption":"Esne Beltza aux f\u00eates de Biriatou 2016"},{"@type":"BreadcrumbList","@id":"https:\/\/dcievent.com\/#breadcrumb","itemListElement":[{"@type":"ListItem","position":1,"name":"Accueil","item":"https:\/\/dcievent.com\/"},{"@type":"ListItem","position":2,"name":"Accueil"}]},{"@type":"WebSite","@id":"https:\/\/dcievent.com\/#website","url":"https:\/\/dcievent.com\/","name":"DCI Event","description":"Location sonorisation, int\u00e9grateur audiovisuel, r\u00e9gie technique de spectacle","publisher":{"@id":"https:\/\/dcievent.com\/#organization"},"potentialAction":[{"@type":"SearchAction","target":{"@type":"EntryPoint","urlTemplate":"https:\/\/dcievent.com\/?s={search_term_string}"},"query-input":{"@type":"PropertyValueSpecification","valueRequired":true,"valueName":"search_term_string"}}],"inLanguage":"fr-FR"},{"@type":"Organization","@id":"https:\/\/dcievent.com\/#organization","name":"DCI event","url":"https:\/\/dcievent.com\/","logo":{"@type":"ImageObject","inLanguage":"fr-FR","@id":"https:\/\/dcievent.com\/#\/schema\/logo\/image\/","url":"https:\/\/mlpbnbifhtdl.i.optimole.com\/cb:Cy3u.b2dd\/w:auto\/h:auto\/q:mauto\/g:sm\/f:best\/https:\/\/dcievent.com\/wp-content\/uploads\/2024\/01\/cropped-cropped-DCI_LogoEvent_CMJN_HD-scaled-1.jpg","contentUrl":"https:\/\/mlpbnbifhtdl.i.optimole.com\/cb:Cy3u.b2dd\/w:auto\/h:auto\/q:mauto\/g:sm\/f:best\/https:\/\/dcievent.com\/wp-content\/uploads\/2024\/01\/cropped-cropped-DCI_LogoEvent_CMJN_HD-scaled-1.jpg","width":512,"height":512,"caption":"DCI event"},"image":{"@id":"https:\/\/dcievent.com\/#\/schema\/logo\/image\/"},"sameAs":["http:\/\/www.facebook.com\/dcievent","http:\/\/www.instagram.com\/dcievent"]}]}},"_links":{"self":[{"href":"https:\/\/dcievent.com\/index.php\/wp-json\/wp\/v2\/pages\/16","targetHints":{"allow":["GET"]}}],"collection":[{"href":"https:\/\/dcievent.com\/index.php\/wp-json\/wp\/v2\/pages"}],"about":[{"href":"https:\/\/dcievent.com\/index.php\/wp-json\/wp\/v2\/types\/page"}],"author":[{"embeddable":true,"href":"https:\/\/dcievent.com\/index.php\/wp-json\/wp\/v2\/users\/1"}],"replies":[{"embeddable":true,"href":"https:\/\/dcievent.com\/index.php\/wp-json\/wp\/v2\/comments?post=16"}],"version-history":[{"count":18,"href":"https:\/\/dcievent.com\/index.php\/wp-json\/wp\/v2\/pages\/16\/revisions"}],"predecessor-version":[{"id":2927,"href":"https:\/\/dcievent.com\/index.php\/wp-json\/wp\/v2\/pages\/16\/revisions\/2927"}],"wp:featuredmedia":[{"embeddable":true,"href":"https:\/\/dcievent.com\/index.php\/wp-json\/wp\/v2\/media\/308"}],"wp:attachment":[{"href":"https:\/\/dcievent.com\/index.php\/wp-json\/wp\/v2\/media?parent=16"}],"curies":[{"name":"wp","href":"https:\/\/api.w.org\/{rel}","templated":true}]}}